{"id":108,"date":"2025-12-20T12:40:39","date_gmt":"2025-12-20T12:40:39","guid":{"rendered":"https:\/\/associationcatharsis.org\/?page_id=108"},"modified":"2026-03-13T13:04:38","modified_gmt":"2026-03-13T12:04:38","slug":"dialogues-territoriaux-et-sante-commune","status":"publish","type":"page","link":"https:\/\/associationcatharsis.org\/en\/programmes\/dialogues-territoriaux-et-sante-commune\/","title":{"rendered":"Territorial dialogue and common health"},"content":{"rendered":"<div data-elementor-type=\"wp-page\" data-elementor-id=\"108\" class=\"elementor elementor-108\" data-elementor-post-type=\"page\">\n\t\t\t\t<div class=\"elementor-element elementor-element-e10a5d4 e-flex e-con-boxed e-con e-parent\" data-id=\"e10a5d4\" data-element_type=\"container\" data-e-type=\"container\">\n\t\t\t\t\t<div class=\"e-con-inner\">\n\t\t\t\t<div class=\"elementor-element elementor-element-88245df elementor-widget elementor-widget-spacer\" data-id=\"88245df\" data-element_type=\"widget\" data-e-type=\"widget\" data-widget_type=\"spacer.default\">\n\t\t\t\t\t\t\t<div class=\"elementor-spacer\">\n\t\t\t<div class=\"elementor-spacer-inner\"><\/div>\n\t\t<\/div>\n\t\t\t\t\t\t<\/div>\n\t\t\t\t\t<\/div>\n\t\t\t\t<\/div>\n\t\t<div class=\"elementor-element elementor-element-8202e11 e-flex e-con-boxed e-con e-parent\" data-id=\"8202e11\" data-element_type=\"container\" data-e-type=\"container\" data-settings=\"{&quot;background_background&quot;:&quot;classic&quot;}\">\n\t\t\t\t\t<div class=\"e-con-inner\">\n\t\t\t\t<div class=\"elementor-element elementor-element-cc5985d elementor-widget elementor-widget-heading\" data-id=\"cc5985d\" data-element_type=\"widget\" data-e-type=\"widget\" data-widget_type=\"heading.default\">\n\t\t\t\t\t<h1 class=\"elementor-heading-title elementor-size-default\">Sant\u00e9 commune, dialogue territorial, territoire-\u00e9cole\u00a0: les propositions de Catharsis \u00e0 l'Association Biovall\u00e9e<\/h1>\t\t\t\t<\/div>\n\t\t\t\t\t<\/div>\n\t\t\t\t<\/div>\n\t\t<div class=\"elementor-element elementor-element-fedfe95 e-flex e-con-boxed e-con e-parent\" data-id=\"fedfe95\" data-element_type=\"container\" data-e-type=\"container\">\n\t\t\t\t\t<div class=\"e-con-inner\">\n\t\t<div class=\"elementor-element elementor-element-e689d38 e-con-full e-flex e-con e-child\" data-id=\"e689d38\" data-element_type=\"container\" data-e-type=\"container\">\n\t\t\t\t<div class=\"elementor-element elementor-element-de94d18 elementor-widget elementor-widget-text-editor\" data-id=\"de94d18\" data-element_type=\"widget\" data-e-type=\"widget\" data-widget_type=\"text-editor.default\">\n\t\t\t\t\t\t\t\t\t<p>Partenaire contractuel du projet \u00ab\u00a0Territoire d&rsquo;innovation Biovall\u00e9e\u00a0\u00bb de novembre 2022 \u00e0 juin 2024, Catharsis y a travaill\u00e9 sur la territorialisation du capital nature dans une perspective de sant\u00e9 commune. Restitu\u00e9e \u00e0 l&rsquo;Association Biovall\u00e9e dans un rapport synth\u00e9tique de cl\u00f4ture, l&rsquo;\u00e9laboration th\u00e9orique propos\u00e9e par Catharsis n\u2019est pas exclusive \u00e0 de projet, ni \u00e0 la Biovall\u00e9e. Elle r\u00e9sulte \u00e9galement du travail conduit, dans le m\u00eame temps, par Catharsis sur d\u2019autres terrains, ces synergies et r\u00e9sonances \u00e9tant une dimension inh\u00e9rente \u00e0 la recherche-action du point de vue aussi bien pratique que th\u00e9orique.<\/p><p>L\u2019\u00e9laboration th\u00e9orique qui figure dans le document t\u00e9l\u00e9chargeable est donc pr\u00e9sent\u00e9e du point de vue des concepts et de leurs usages, en s\u2019appuyant sur un ensemble de travaux, inscrits dans le territoire de la Biovall\u00e9e mais aussi \u00e9tay\u00e9es sur d\u2019autres territoires o\u00f9 Catharsis travaille en parall\u00e8le avec ses partenaires, dont l\u2019<a href=\"https:\/\/institutmichelserres.ens-lyon.fr\/\">Institut Michel Serres<\/a> et l\u2019Institut des Hautes \u00e9tudes pour les arts et les pratiques de transformation (<a href=\"https:\/\/ihepat.com\/\">IHEPAT<\/a>), dont Patrick Degeorges est Vice-Pr\u00e9sident.<\/p>\t\t\t\t\t\t\t\t<\/div>\n\t\t\t\t<div class=\"elementor-element elementor-element-9dd8d03 elementor-widget elementor-widget-button\" data-id=\"9dd8d03\" data-element_type=\"widget\" data-e-type=\"widget\" data-widget_type=\"button.default\">\n\t\t\t\t\t\t\t\t\t\t<a class=\"elementor-button elementor-button-link elementor-size-sm\" href=\"https:\/\/associationcatharsis.org\/wp-content\/uploads\/2026\/03\/Sante-commune-dialogue-territorial-territoire-ecole.pdf\">\n\t\t\t\t\t\t<span class=\"elementor-button-content-wrapper\">\n\t\t\t\t\t\t\t\t\t<span class=\"elementor-button-text\">Cliquez ici pour t\u00e9l\u00e9charger la pr\u00e9sentation d\u00e9taill\u00e9e des propositions de Catharsis pour la Biovall\u00e9e<\/span>\n\t\t\t\t\t<\/span>\n\t\t\t\t\t<\/a>\n\t\t\t\t\t\t\t\t<\/div>\n\t\t\t\t<\/div>\n\t\t<div class=\"elementor-element elementor-element-922a871 e-con-full e-flex e-con e-child\" data-id=\"922a871\" data-element_type=\"container\" data-e-type=\"container\">\n\t\t<div class=\"elementor-element elementor-element-859499e e-con-full e-flex e-con e-child\" data-id=\"859499e\" data-element_type=\"container\" data-e-type=\"container\">\n\t\t\t\t<div class=\"elementor-element elementor-element-6252485 elementor-widget elementor-widget-image\" data-id=\"6252485\" data-element_type=\"widget\" data-e-type=\"widget\" data-widget_type=\"image.default\">\n\t\t\t\t\t\t\t\t\t\t\t\t<figure class=\"wp-caption\">\n\t\t\t\t\t\t\t\t\t\t<img fetchpriority=\"high\" decoding=\"async\" width=\"300\" height=\"225\" src=\"https:\/\/associationcatharsis.org\/wp-content\/uploads\/2025\/12\/gaec-montlahuc-1280x-300x225.jpg\" class=\"attachment-medium size-medium wp-image-118\" alt=\"\" srcset=\"https:\/\/associationcatharsis.org\/wp-content\/uploads\/2025\/12\/gaec-montlahuc-1280x-300x225.jpg 300w, https:\/\/associationcatharsis.org\/wp-content\/uploads\/2025\/12\/gaec-montlahuc-1280x-1024x768.jpg 1024w, https:\/\/associationcatharsis.org\/wp-content\/uploads\/2025\/12\/gaec-montlahuc-1280x-768x576.jpg 768w, https:\/\/associationcatharsis.org\/wp-content\/uploads\/2025\/12\/gaec-montlahuc-1280x.jpg 1280w\" sizes=\"(max-width: 300px) 100vw, 300px\" \/>\t\t\t\t\t\t\t\t\t\t\t<figcaption class=\"widget-image-caption wp-caption-text\">Vue du GAEC de Montlahuc, dans la Biovall\u00e9e de la Dr\u00f4me, pressenti comme site d'exp\u00e9rimentation du territoire-\u00e9cole de la sant\u00e9 commune conceptualis\u00e9e par Catharsis.<\/figcaption>\n\t\t\t\t\t\t\t\t\t\t<\/figure>\n\t\t\t\t\t\t\t\t\t<\/div>\n\t\t\t\t<\/div>\n\t\t<div class=\"elementor-element elementor-element-781742d e-con-full e-flex e-con e-child\" data-id=\"781742d\" data-element_type=\"container\" data-e-type=\"container\">\n\t\t\t\t<div class=\"elementor-element elementor-element-97731df elementor-widget elementor-widget-image\" data-id=\"97731df\" data-element_type=\"widget\" data-e-type=\"widget\" data-widget_type=\"image.default\">\n\t\t\t\t\t\t\t\t\t\t\t\t\t\t\t<img decoding=\"async\" width=\"300\" height=\"225\" src=\"https:\/\/associationcatharsis.org\/wp-content\/uploads\/2025\/12\/Catharsis-Biovallee-10-10-24-300x225.jpg\" class=\"attachment-medium size-medium wp-image-116\" alt=\"\" srcset=\"https:\/\/associationcatharsis.org\/wp-content\/uploads\/2025\/12\/Catharsis-Biovallee-10-10-24-300x225.jpg 300w, https:\/\/associationcatharsis.org\/wp-content\/uploads\/2025\/12\/Catharsis-Biovallee-10-10-24-1024x768.jpg 1024w, https:\/\/associationcatharsis.org\/wp-content\/uploads\/2025\/12\/Catharsis-Biovallee-10-10-24-768x576.jpg 768w, https:\/\/associationcatharsis.org\/wp-content\/uploads\/2025\/12\/Catharsis-Biovallee-10-10-24-1536x1152.jpg 1536w, https:\/\/associationcatharsis.org\/wp-content\/uploads\/2025\/12\/Catharsis-Biovallee-10-10-24-2048x1536.jpg 2048w\" sizes=\"(max-width: 300px) 100vw, 300px\" \/>\t\t\t\t\t\t\t\t\t\t\t\t\t\t\t<\/div>\n\t\t\t\t<\/div>\n\t\t\t\t<\/div>\n\t\t\t\t\t<\/div>\n\t\t\t\t<\/div>\n\t\t<div class=\"elementor-element elementor-element-699224c e-flex e-con-boxed e-con e-parent\" data-id=\"699224c\" data-element_type=\"container\" data-e-type=\"container\">\n\t\t\t\t\t<div class=\"e-con-inner\">\n\t\t\t\t<div class=\"elementor-element elementor-element-93ba39d elementor-widget elementor-widget-spacer\" data-id=\"93ba39d\" data-element_type=\"widget\" data-e-type=\"widget\" data-widget_type=\"spacer.default\">\n\t\t\t\t\t\t\t<div class=\"elementor-spacer\">\n\t\t\t<div class=\"elementor-spacer-inner\"><\/div>\n\t\t<\/div>\n\t\t\t\t\t\t<\/div>\n\t\t\t\t\t<\/div>\n\t\t\t\t<\/div>\n\t\t<div class=\"elementor-element elementor-element-c48054e e-flex e-con-boxed e-con e-parent\" data-id=\"c48054e\" data-element_type=\"container\" data-e-type=\"container\" data-settings=\"{&quot;background_background&quot;:&quot;classic&quot;}\">\n\t\t\t\t\t<div class=\"e-con-inner\">\n\t\t\t\t<div class=\"elementor-element elementor-element-a779090 elementor-widget elementor-widget-heading\" data-id=\"a779090\" data-element_type=\"widget\" data-e-type=\"widget\" data-widget_type=\"heading.default\">\n\t\t\t\t\t<h1 class=\"elementor-heading-title elementor-size-default\">Pour un bien-\u00eatre communautaire\n\u00e0 travers le prisme de la sant\u00e9 commune<\/h1>\t\t\t\t<\/div>\n\t\t\t\t\t<\/div>\n\t\t\t\t<\/div>\n\t\t<div class=\"elementor-element elementor-element-0cde7a0 e-flex e-con-boxed e-con e-parent\" data-id=\"0cde7a0\" data-element_type=\"container\" data-e-type=\"container\">\n\t\t\t\t\t<div class=\"e-con-inner\">\n\t\t<div class=\"elementor-element elementor-element-66d4ce8 e-con-full e-flex e-con e-child\" data-id=\"66d4ce8\" data-element_type=\"container\" data-e-type=\"container\">\n\t\t\t\t<div class=\"elementor-element elementor-element-c7a7c6d elementor-widget elementor-widget-text-editor\" data-id=\"c7a7c6d\" data-element_type=\"widget\" data-e-type=\"widget\" data-widget_type=\"text-editor.default\">\n\t\t\t\t\t\t\t\t\t<p>Au-del\u00e0 de la mise en \u0153uvre op\u00e9rationnelle de projets, Catharsis est un incubateur de concepts et de m\u00e9thodes. Catharsis a notamment \u00e9labor\u00e9 un sch\u00e9ma qui vise \u00e0 promouvoir un cadre participatif de transformation territoriale par le d\u00e9ploiement coordonn\u00e9 de quatre outils : le \u00ab potager vertical \u00bb comme op\u00e9rateur de sant\u00e9 commune, l\u2019\u00ab enqu\u00eate territoriale \u00bb comme modalit\u00e9 d\u2019implication des populations et des institutions, la \u00ab mise en mus\u00e9e \u00bb comme inscription de l\u2019enqu\u00eate dans le temps long, dans la m\u00e9moire et dans l\u2019\u00e9mergence de futurs transform\u00e9s, et l\u2019\u00ab Arbre de Confiance \u00bb comme cadre de compr\u00e9hension et de mesure des configurations dans lesquelles s\u2019op\u00e8rent les dynamiques transformatrices.<\/p><p>Ce sch\u00e9ma n&rsquo;attend, pour s&rsquo;op\u00e9rationnaliser, que la bonne occasion et les bons partenaires.<\/p><p>Les outils mentionn\u00e9s ci-dessus sont distincts, et ont chacun fait l\u2019objet d\u2019applications tr\u00e8s productives sur diff\u00e9rents territoires, en France et \u00e0 l\u2019\u00e9tranger. En les associant, gr\u00e2ce \u00e0 ses partenariats strat\u00e9giques au sein du Groupe PHGD, Catharsis offre un cadre et une m\u00e9thode innovants, transversaux et transformateurs aux territoires qui voudraient s\u2019en saisir. Ce cadre et cette m\u00e9thode ont une base solide, chaque outil \u00e9tant \u00e9prouv\u00e9 et leur int\u00e9gration conceptuelle \u00e9tant au c\u0153ur de la strat\u00e9gie d\u2019ensemble du Groupe PHGD, \u00e0 laquelle Catharsis contribue de mani\u00e8re d\u00e9cisive.<\/p><p>En m\u00eame temps, l\u2019int\u00e9gration op\u00e9rationnelle reste exp\u00e9rimentale, d\u2019une part parce qu\u2019elle est nouvelle, mais d\u2019autre part et surtout parce qu\u2019elle est essentiellement contextuelle : chaque territoire de d\u00e9ploiement n\u00e9cessite, en perspective participative, des ajustements et des appropriations sp\u00e9cifiques.<\/p>\t\t\t\t\t\t\t\t<\/div>\n\t\t\t\t<\/div>\n\t\t<div class=\"elementor-element elementor-element-803fd1d e-con-full e-flex e-con e-child\" data-id=\"803fd1d\" data-element_type=\"container\" data-e-type=\"container\">\n\t\t\t\t<div class=\"elementor-element elementor-element-487936d elementor-widget elementor-widget-image\" data-id=\"487936d\" data-element_type=\"widget\" data-e-type=\"widget\" data-widget_type=\"image.default\">\n\t\t\t\t\t\t\t\t\t\t\t\t<figure class=\"wp-caption\">\n\t\t\t\t\t\t\t\t\t\t<img decoding=\"async\" width=\"300\" height=\"225\" src=\"https:\/\/associationcatharsis.org\/wp-content\/uploads\/2025\/12\/Catharsis-Zone-sensible-300x225.jpg\" class=\"attachment-medium size-medium wp-image-119\" alt=\"\" srcset=\"https:\/\/associationcatharsis.org\/wp-content\/uploads\/2025\/12\/Catharsis-Zone-sensible-300x225.jpg 300w, https:\/\/associationcatharsis.org\/wp-content\/uploads\/2025\/12\/Catharsis-Zone-sensible-1024x768.jpg 1024w, https:\/\/associationcatharsis.org\/wp-content\/uploads\/2025\/12\/Catharsis-Zone-sensible-768x576.jpg 768w, https:\/\/associationcatharsis.org\/wp-content\/uploads\/2025\/12\/Catharsis-Zone-sensible-1536x1152.jpg 1536w, https:\/\/associationcatharsis.org\/wp-content\/uploads\/2025\/12\/Catharsis-Zone-sensible-2048x1536.jpg 2048w\" sizes=\"(max-width: 300px) 100vw, 300px\" \/>\t\t\t\t\t\t\t\t\t\t\t<figcaption class=\"widget-image-caption wp-caption-text\">En juillet 2022 \u00e0 Zone sensible \u00e0 Saint-Denis, Patrick Degeorges anime un s\u00e9minaire Catharsis sur les pratiques transformatrices, en association avec la Parti po\u00e9tique.<\/figcaption>\n\t\t\t\t\t\t\t\t\t\t<\/figure>\n\t\t\t\t\t\t\t\t\t<\/div>\n\t\t\t\t<div class=\"elementor-element elementor-element-929ff99 elementor-widget elementor-widget-spacer\" data-id=\"929ff99\" data-element_type=\"widget\" data-e-type=\"widget\" data-widget_type=\"spacer.default\">\n\t\t\t\t\t\t\t<div class=\"elementor-spacer\">\n\t\t\t<div class=\"elementor-spacer-inner\"><\/div>\n\t\t<\/div>\n\t\t\t\t\t\t<\/div>\n\t\t\t\t<div class=\"elementor-element elementor-element-fbebd81 elementor-align-center elementor-widget elementor-widget-button\" data-id=\"fbebd81\" data-element_type=\"widget\" data-e-type=\"widget\" data-widget_type=\"button.default\">\n\t\t\t\t\t\t\t\t\t\t<a class=\"elementor-button elementor-button-link elementor-size-sm\" href=\"https:\/\/associationcatharsis.org\/wp-content\/uploads\/2026\/03\/Pour-un-bien-etre-communautaire-a-travers-le-prisme-de-la-sante-commune.pdf\">\n\t\t\t\t\t\t<span class=\"elementor-button-content-wrapper\">\n\t\t\t\t\t\t\t\t\t<span class=\"elementor-button-text\">Cliquez ici pour t\u00e9l\u00e9charger le sch\u00e9ma de transformation territoriale dans son application \u00e0 un milieu urbain.<\/span>\n\t\t\t\t\t<\/span>\n\t\t\t\t\t<\/a>\n\t\t\t\t\t\t\t\t<\/div>\n\t\t\t\t<\/div>\n\t\t\t\t\t<\/div>\n\t\t\t\t<\/div>\n\t\t\t\t<\/div>","protected":false},"excerpt":{"rendered":"<p>Sant\u00e9 commune, dialogue territorial, territoire-\u00e9cole\u00a0: les propositions de Catharsis \u00e0 l&rsquo;Association Biovall\u00e9e Partenaire contractuel du projet \u00ab\u00a0Territoire d&rsquo;innovation Biovall\u00e9e\u00a0\u00bb de novembre 2022 \u00e0 juin 2024, Catharsis y a travaill\u00e9 sur la territorialisation du capital nature dans une perspective de sant\u00e9 commune. Restitu\u00e9e \u00e0 l&rsquo;Association Biovall\u00e9e dans un rapport synth\u00e9tique de cl\u00f4ture, l&rsquo;\u00e9laboration th\u00e9orique propos\u00e9e par [&hellip;]<\/p>","protected":false},"author":1,"featured_media":0,"parent":42,"menu_order":0,"comment_status":"closed","ping_status":"closed","template":"","meta":{"give_campaign_id":0,"om_disable_all_campaigns":false,"_uag_custom_page_level_css":"","_monsterinsights_skip_tracking":false,"_monsterinsights_sitenote_active":false,"_monsterinsights_sitenote_note":"","_monsterinsights_sitenote_category":0,"_uf_show_specific_survey":0,"_uf_disable_surveys":false,"site-sidebar-layout":"no-sidebar","site-content-layout":"","ast-site-content-layout":"full-width-container","site-content-style":"default","site-sidebar-style":"default","ast-global-header-display":"","ast-banner-title-visibility":"","ast-main-header-display":"","ast-hfb-above-header-display":"","ast-hfb-below-header-display":"","ast-hfb-mobile-header-display":"","site-post-title":"disabled","ast-breadcrumbs-content":"","ast-featured-img":"disabled","footer-sml-layout":"","ast-disable-related-posts":"","theme-transparent-header-meta":"","adv-header-id-meta":"","stick-header-meta":"","header-above-stick-meta":"","header-main-stick-meta":"","header-below-stick-meta":"","astra-migrate-meta-layouts":"default","ast-page-background-enabled":"default","ast-page-background-meta":{"desktop":{"background-color":"var(--ast-global-color-5)","background-image":"","background-repeat":"repeat","background-position":"center center","background-size":"auto","background-attachment":"scroll","background-type":"","background-media":"","overlay-type":"","overlay-color":"","overlay-opacity":"","overlay-gradient":""},"tablet":{"background-color":"","background-image":"","background-repeat":"repeat","background-position":"center center","background-size":"auto","background-attachment":"scroll","background-type":"","background-media":"","overlay-type":"","overlay-color":"","overlay-opacity":"","overlay-gradient":""},"mobile":{"background-color":"","background-image":"","background-repeat":"repeat","background-position":"center center","background-size":"auto","background-attachment":"scroll","background-type":"","background-media":"","overlay-type":"","overlay-color":"","overlay-opacity":"","overlay-gradient":""}},"ast-content-background-meta":{"desktop":{"background-color":"var(--ast-global-color-4)","background-image":"","background-repeat":"repeat","background-position":"center center","background-size":"auto","background-attachment":"scroll","background-type":"","background-media":"","overlay-type":"","overlay-color":"","overlay-opacity":"","overlay-gradient":""},"tablet":{"background-color":"var(--ast-global-color-4)","background-image":"","background-repeat":"repeat","background-position":"center center","background-size":"auto","background-attachment":"scroll","background-type":"","background-media":"","overlay-type":"","overlay-color":"","overlay-opacity":"","overlay-gradient":""},"mobile":{"background-color":"var(--ast-global-color-4)","background-image":"","background-repeat":"repeat","background-position":"center center","background-size":"auto","background-attachment":"scroll","background-type":"","background-media":"","overlay-type":"","overlay-color":"","overlay-opacity":"","overlay-gradient":""}},"footnotes":""},"class_list":["post-108","page","type-page","status-publish","hentry"],"aioseo_notices":[],"campaignId":"","_hostinger_reach_plugin_has_subscription_block":false,"_hostinger_reach_plugin_is_elementor":false,"uagb_featured_image_src":{"full":false,"thumbnail":false,"medium":false,"medium_large":false,"large":false,"1536x1536":false,"2048x2048":false,"trp-custom-language-flag":false},"uagb_author_info":{"display_name":"jcphgd@gmail.com","author_link":"https:\/\/associationcatharsis.org\/en\/author\/jcphgdgmail-com\/"},"uagb_comment_info":0,"uagb_excerpt":"Sant\u00e9 commune, dialogue territorial, territoire-\u00e9cole\u00a0: les propositions de Catharsis \u00e0 l&rsquo;Association Biovall\u00e9e Partenaire contractuel du projet \u00ab\u00a0Territoire d&rsquo;innovation Biovall\u00e9e\u00a0\u00bb de novembre 2022 \u00e0 juin 2024, Catharsis y a travaill\u00e9 sur la territorialisation du capital nature dans une perspective de sant\u00e9 commune. Restitu\u00e9e \u00e0 l&rsquo;Association Biovall\u00e9e dans un rapport synth\u00e9tique de cl\u00f4ture, l&rsquo;\u00e9laboration th\u00e9orique propos\u00e9e par&hellip;","_links":{"self":[{"href":"https:\/\/associationcatharsis.org\/en\/wp-json\/wp\/v2\/pages\/108","targetHints":{"allow":["GET"]}}],"collection":[{"href":"https:\/\/associationcatharsis.org\/en\/wp-json\/wp\/v2\/pages"}],"about":[{"href":"https:\/\/associationcatharsis.org\/en\/wp-json\/wp\/v2\/types\/page"}],"author":[{"embeddable":true,"href":"https:\/\/associationcatharsis.org\/en\/wp-json\/wp\/v2\/users\/1"}],"replies":[{"embeddable":true,"href":"https:\/\/associationcatharsis.org\/en\/wp-json\/wp\/v2\/comments?post=108"}],"version-history":[{"count":50,"href":"https:\/\/associationcatharsis.org\/en\/wp-json\/wp\/v2\/pages\/108\/revisions"}],"predecessor-version":[{"id":816,"href":"https:\/\/associationcatharsis.org\/en\/wp-json\/wp\/v2\/pages\/108\/revisions\/816"}],"up":[{"embeddable":true,"href":"https:\/\/associationcatharsis.org\/en\/wp-json\/wp\/v2\/pages\/42"}],"wp:attachment":[{"href":"https:\/\/associationcatharsis.org\/en\/wp-json\/wp\/v2\/media?parent=108"}],"curies":[{"name":"wp","href":"https:\/\/api.w.org\/{rel}","templated":true}]}}