{"id":135,"date":"2025-12-20T13:06:05","date_gmt":"2025-12-20T13:06:05","guid":{"rendered":"https:\/\/associationcatharsis.org\/?page_id=135"},"modified":"2026-04-07T13:16:50","modified_gmt":"2026-04-07T12:16:50","slug":"livcom","status":"publish","type":"page","link":"https:\/\/associationcatharsis.org\/en\/programmes\/livcom\/","title":{"rendered":"Programme \u00ab Villes vivables \u00bb"},"content":{"rendered":"<div data-elementor-type=\"wp-page\" data-elementor-id=\"135\" class=\"elementor elementor-135\" data-elementor-post-type=\"page\">\n\t\t\t\t<div class=\"elementor-element elementor-element-e1239b8 e-flex e-con-boxed e-con e-parent\" data-id=\"e1239b8\" data-element_type=\"container\" data-e-type=\"container\">\n\t\t\t\t\t<div class=\"e-con-inner\">\n\t\t\t\t<div class=\"elementor-element elementor-element-63e9114 elementor-widget elementor-widget-spacer\" data-id=\"63e9114\" data-element_type=\"widget\" data-e-type=\"widget\" data-widget_type=\"spacer.default\">\n\t\t\t\t\t\t\t<div class=\"elementor-spacer\">\n\t\t\t<div class=\"elementor-spacer-inner\"><\/div>\n\t\t<\/div>\n\t\t\t\t\t\t<\/div>\n\t\t\t\t\t<\/div>\n\t\t\t\t<\/div>\n\t\t<div class=\"elementor-element elementor-element-53eec3d e-flex e-con-boxed e-con e-parent\" data-id=\"53eec3d\" data-element_type=\"container\" data-e-type=\"container\" data-settings=\"{&quot;background_background&quot;:&quot;classic&quot;}\">\n\t\t\t\t\t<div class=\"e-con-inner\">\n\t\t\t\t<div class=\"elementor-element elementor-element-995e48c elementor-widget elementor-widget-heading\" data-id=\"995e48c\" data-element_type=\"widget\" data-e-type=\"widget\" data-widget_type=\"heading.default\">\n\t\t\t\t\t<h1 class=\"elementor-heading-title elementor-size-default\">Programme \u00ab Villes vivables \u00bb<\/h1>\t\t\t\t<\/div>\n\t\t\t\t\t<\/div>\n\t\t\t\t<\/div>\n\t\t<div class=\"elementor-element elementor-element-1763929 e-flex e-con-boxed e-con e-parent\" data-id=\"1763929\" data-element_type=\"container\" data-e-type=\"container\">\n\t\t\t\t\t<div class=\"e-con-inner\">\n\t\t<div class=\"elementor-element elementor-element-4455b3e e-con-full e-flex e-con e-child\" data-id=\"4455b3e\" data-element_type=\"container\" data-e-type=\"container\">\n\t\t\t\t<div class=\"elementor-element elementor-element-cf031d1 elementor-widget elementor-widget-text-editor\" data-id=\"cf031d1\" data-element_type=\"widget\" data-e-type=\"widget\" data-widget_type=\"text-editor.default\">\n\t\t\t\t\t\t\t\t\t<p>Le Programme \u00ab Villes vivables \u00bb se cr\u00e9e en 2026 suite \u00e0 la signature avec l&rsquo;Association internationale LivCom d&rsquo;un protocole d&rsquo;accord qui confie \u00e0 Catharsis la gestion, notamment financi\u00e8re, des Prix LivCom.<\/p><p>La raison d&rsquo;\u00eatre de LivCom, c&rsquo;est de r\u00e9compenser lez villes pour leur politique de d\u00e9veloppement durable, avec des crit\u00e8res qui refl\u00e8tent toute la gamme des Objectifs de d\u00e9veloppement durable des Nations-Unies.<\/p><p>Et, \u00e9videmment, une ville vivable, c&rsquo;est aussi une ville de sant\u00e9 commune et de confiance. Autant dire que les trois programmes de Catharsis se retrouvent dans ce champ th\u00e9matique.<\/p>\t\t\t\t\t\t\t\t<\/div>\n\t\t\t\t<\/div>\n\t\t<div class=\"elementor-element elementor-element-158303d e-con-full e-flex e-con e-child\" data-id=\"158303d\" data-element_type=\"container\" data-e-type=\"container\">\n\t\t\t\t<div class=\"elementor-element elementor-element-c051646 elementor-headline--style-highlight elementor-widget elementor-widget-animated-headline\" data-id=\"c051646\" data-element_type=\"widget\" data-e-type=\"widget\" data-settings=\"{&quot;highlighted_text&quot;:&quot;ouvertes.&quot;,&quot;headline_style&quot;:&quot;highlight&quot;,&quot;marker&quot;:&quot;circle&quot;,&quot;loop&quot;:&quot;yes&quot;,&quot;highlight_animation_duration&quot;:1200,&quot;highlight_iteration_delay&quot;:8000}\" data-widget_type=\"animated-headline.default\">\n\t\t\t\t\t\t\t<h5 class=\"elementor-headline\">\n\t\t\t\t\t<span class=\"elementor-headline-plain-text elementor-headline-text-wrapper\">Les candidatures pour les Prix LivCom 2026 sont<\/span>\n\t\t\t\t<span class=\"elementor-headline-dynamic-wrapper elementor-headline-text-wrapper\">\n\t\t\t\t\t<span class=\"elementor-headline-dynamic-text elementor-headline-text-active\">ouvertes.<\/span>\n\t\t\t\t<\/span>\n\t\t\t\t\t<span class=\"elementor-headline-plain-text elementor-headline-text-wrapper\">Contactez-nous pour savoir comment postuler.<\/span>\n\t\t\t\t\t<\/h5>\n\t\t\t\t\t\t<\/div>\n\t\t\t\t<\/div>\n\t\t\t\t\t<\/div>\n\t\t\t\t<\/div>\n\t\t<div class=\"elementor-element elementor-element-b7e17ba e-flex e-con-boxed e-con e-parent\" data-id=\"b7e17ba\" data-element_type=\"container\" data-e-type=\"container\">\n\t\t\t\t\t<div class=\"e-con-inner\">\n\t\t\t\t<div class=\"elementor-element elementor-element-b3a0020 elementor-widget elementor-widget-spacer\" data-id=\"b3a0020\" data-element_type=\"widget\" data-e-type=\"widget\" data-widget_type=\"spacer.default\">\n\t\t\t\t\t\t\t<div class=\"elementor-spacer\">\n\t\t\t<div class=\"elementor-spacer-inner\"><\/div>\n\t\t<\/div>\n\t\t\t\t\t\t<\/div>\n\t\t\t\t\t<\/div>\n\t\t\t\t<\/div>\n\t\t<div class=\"elementor-element elementor-element-51fb495 e-con-full e-flex e-con e-parent\" data-id=\"51fb495\" data-element_type=\"container\" data-e-type=\"container\" data-settings=\"{&quot;background_background&quot;:&quot;classic&quot;}\">\n\t\t\t\t<div class=\"elementor-element elementor-element-4359fb9 elementor-widget elementor-widget-heading\" data-id=\"4359fb9\" data-element_type=\"widget\" data-e-type=\"widget\" data-widget_type=\"heading.default\">\n\t\t\t\t\t<h1 class=\"elementor-heading-title elementor-size-default\">R\u00e9union annuelle LivCom 2025<\/h1>\t\t\t\t<\/div>\n\t\t\t\t<\/div>\n\t\t<div class=\"elementor-element elementor-element-500458f e-flex e-con-boxed e-con e-parent\" data-id=\"500458f\" data-element_type=\"container\" data-e-type=\"container\">\n\t\t\t\t\t<div class=\"e-con-inner\">\n\t\t<div class=\"elementor-element elementor-element-1cac634 e-con-full e-flex e-con e-child\" data-id=\"1cac634\" data-element_type=\"container\" data-e-type=\"container\">\n\t\t\t\t<div class=\"elementor-element elementor-element-d03b884 elementor-widget elementor-widget-text-editor\" data-id=\"d03b884\" data-element_type=\"widget\" data-e-type=\"widget\" data-widget_type=\"text-editor.default\">\n\t\t\t\t\t\t\t\t\t<p><span style=\"color: #808080;\">Les Prix LivCom 2025 furent accueillis \u00e0 Avc\u0131lar en Turquie. Avec la participation d&rsquo;une trentaine de villes finalistes, venues de tous les continents, l&rsquo;\u00e9v\u00e9nement a montr\u00e9 l&rsquo;int\u00e9r\u00eat des collectivit\u00e9s pour le partage d&rsquo;informations et d&rsquo;exp\u00e9riences autour du d\u00e9veloppement durable.<\/span><\/p><p><span style=\"color: #808080;\">Le service de communication de la municipalit\u00e9 a produit deux vid\u00e9os qui donnent l&rsquo;ambiance des c\u00e9r\u00e9monies d&rsquo;ouverture et de cl\u00f4ture.<\/span><\/p>\t\t\t\t\t\t\t\t<\/div>\n\t\t\t\t<\/div>\n\t\t<div class=\"elementor-element elementor-element-883ebb8 e-con-full e-flex e-con e-child\" data-id=\"883ebb8\" data-element_type=\"container\" data-e-type=\"container\">\n\t\t\t\t<div class=\"elementor-element elementor-element-7cea90e elementor-widget elementor-widget-image\" data-id=\"7cea90e\" data-element_type=\"widget\" data-e-type=\"widget\" data-widget_type=\"image.default\">\n\t\t\t\t\t\t\t\t\t\t\t\t\t\t\t<img fetchpriority=\"high\" decoding=\"async\" width=\"225\" height=\"300\" src=\"https:\/\/associationcatharsis.org\/wp-content\/uploads\/2026\/01\/20251118_173033-225x300.jpg\" class=\"attachment-medium size-medium wp-image-504\" alt=\"\" srcset=\"https:\/\/associationcatharsis.org\/wp-content\/uploads\/2026\/01\/20251118_173033-225x300.jpg 225w, https:\/\/associationcatharsis.org\/wp-content\/uploads\/2026\/01\/20251118_173033-768x1024.jpg 768w, https:\/\/associationcatharsis.org\/wp-content\/uploads\/2026\/01\/20251118_173033-1152x1536.jpg 1152w, https:\/\/associationcatharsis.org\/wp-content\/uploads\/2026\/01\/20251118_173033-1536x2048.jpg 1536w, https:\/\/associationcatharsis.org\/wp-content\/uploads\/2026\/01\/20251118_173033-scaled.jpg 1920w\" sizes=\"(max-width: 225px) 100vw, 225px\" \/>\t\t\t\t\t\t\t\t\t\t\t\t\t\t\t<\/div>\n\t\t\t\t<\/div>\n\t\t<div class=\"elementor-element elementor-element-e65282e e-con-full e-flex e-con e-child\" data-id=\"e65282e\" data-element_type=\"container\" data-e-type=\"container\">\n\t\t\t\t<div class=\"elementor-element elementor-element-9bf4a93 elementor-widget elementor-widget-image\" data-id=\"9bf4a93\" data-element_type=\"widget\" data-e-type=\"widget\" data-widget_type=\"image.default\">\n\t\t\t\t\t\t\t\t\t\t\t\t\t\t\t<img decoding=\"async\" width=\"300\" height=\"225\" src=\"https:\/\/associationcatharsis.org\/wp-content\/uploads\/2026\/01\/20251118_173059-300x225.jpg\" class=\"attachment-medium size-medium wp-image-509\" alt=\"\" srcset=\"https:\/\/associationcatharsis.org\/wp-content\/uploads\/2026\/01\/20251118_173059-300x225.jpg 300w, https:\/\/associationcatharsis.org\/wp-content\/uploads\/2026\/01\/20251118_173059-1024x768.jpg 1024w, https:\/\/associationcatharsis.org\/wp-content\/uploads\/2026\/01\/20251118_173059-768x576.jpg 768w, https:\/\/associationcatharsis.org\/wp-content\/uploads\/2026\/01\/20251118_173059-1536x1152.jpg 1536w, https:\/\/associationcatharsis.org\/wp-content\/uploads\/2026\/01\/20251118_173059-2048x1536.jpg 2048w\" sizes=\"(max-width: 300px) 100vw, 300px\" \/>\t\t\t\t\t\t\t\t\t\t\t\t\t\t\t<\/div>\n\t\t\t\t<\/div>\n\t\t<div class=\"elementor-element elementor-element-c2cb4ed e-con-full e-flex e-con e-child\" data-id=\"c2cb4ed\" data-element_type=\"container\" data-e-type=\"container\">\n\t\t\t\t<div class=\"elementor-element elementor-element-6922b37 elementor-widget elementor-widget-image\" data-id=\"6922b37\" data-element_type=\"widget\" data-e-type=\"widget\" data-widget_type=\"image.default\">\n\t\t\t\t\t\t\t\t\t\t\t\t\t\t\t<img decoding=\"async\" width=\"300\" height=\"225\" src=\"https:\/\/associationcatharsis.org\/wp-content\/uploads\/2026\/01\/20251118_173118-300x225.jpg\" class=\"attachment-medium size-medium wp-image-520\" alt=\"\" srcset=\"https:\/\/associationcatharsis.org\/wp-content\/uploads\/2026\/01\/20251118_173118-300x225.jpg 300w, https:\/\/associationcatharsis.org\/wp-content\/uploads\/2026\/01\/20251118_173118-1024x768.jpg 1024w, https:\/\/associationcatharsis.org\/wp-content\/uploads\/2026\/01\/20251118_173118-768x576.jpg 768w, https:\/\/associationcatharsis.org\/wp-content\/uploads\/2026\/01\/20251118_173118-1536x1152.jpg 1536w, https:\/\/associationcatharsis.org\/wp-content\/uploads\/2026\/01\/20251118_173118-2048x1536.jpg 2048w\" sizes=\"(max-width: 300px) 100vw, 300px\" \/>\t\t\t\t\t\t\t\t\t\t\t\t\t\t\t<\/div>\n\t\t\t\t<\/div>\n\t\t<div class=\"elementor-element elementor-element-018030d e-con-full e-flex e-con e-child\" data-id=\"018030d\" data-element_type=\"container\" data-e-type=\"container\">\n\t\t\t\t<div class=\"elementor-element elementor-element-609d9c6 elementor-widget elementor-widget-heading\" data-id=\"609d9c6\" data-element_type=\"widget\" data-e-type=\"widget\" data-widget_type=\"heading.default\">\n\t\t\t\t\t<h5 class=\"elementor-heading-title elementor-size-default\">C\u00e9r\u00e9monie d'ouverture des Prix LivCom 2025, 18 novembre 2025<\/h5>\t\t\t\t<\/div>\n\t\t\t\t<div class=\"elementor-element elementor-element-1f2d2a2 elementor-widget elementor-widget-video\" data-id=\"1f2d2a2\" data-element_type=\"widget\" data-e-type=\"widget\" data-settings=\"{&quot;video_type&quot;:&quot;hosted&quot;,&quot;controls&quot;:&quot;yes&quot;}\" data-widget_type=\"video.default\">\n\t\t\t\t\t\t\t<div class=\"e-hosted-video elementor-wrapper elementor-open-inline\">\n\t\t\t\t\t<video class=\"elementor-video\" src=\"https:\/\/associationcatharsis.org\/wp-content\/uploads\/2026\/01\/Urban-Sustainability-Forum-USF-LivCom-Awards-AvcilardaSurdurulebilir-sehirler-kentsel-dire.mp4\" controls=\"\" preload=\"metadata\" controlslist=\"nodownload\"><\/video>\n\t\t\t\t<\/div>\n\t\t\t\t\t\t<\/div>\n\t\t\t\t<\/div>\n\t\t<div class=\"elementor-element elementor-element-16a31de e-con-full e-flex e-con e-child\" data-id=\"16a31de\" data-element_type=\"container\" data-e-type=\"container\">\n\t\t\t\t<div class=\"elementor-element elementor-element-cd489f5 elementor-widget elementor-widget-heading\" data-id=\"cd489f5\" data-element_type=\"widget\" data-e-type=\"widget\" data-widget_type=\"heading.default\">\n\t\t\t\t\t<h5 class=\"elementor-heading-title elementor-size-default\">C\u00e9r\u00e9monie de cl\u00f4ture des Prix LivCom 2025, 21 novembre 2025<\/h5>\t\t\t\t<\/div>\n\t\t\t\t<div class=\"elementor-element elementor-element-cfe6b8f elementor-widget elementor-widget-video\" data-id=\"cfe6b8f\" data-element_type=\"widget\" data-e-type=\"widget\" data-settings=\"{&quot;video_type&quot;:&quot;hosted&quot;,&quot;controls&quot;:&quot;yes&quot;}\" data-widget_type=\"video.default\">\n\t\t\t\t\t\t\t<div class=\"e-hosted-video elementor-wrapper elementor-open-inline\">\n\t\t\t\t\t<video class=\"elementor-video\" src=\"https:\/\/associationcatharsis.org\/wp-content\/uploads\/2026\/01\/LivCom-Odulleri-ile-Urban-Sustainability-Forum-2025-Tamamlandi.-\ud83c\udfc6Families-United-Fight-Again.mp4\" controls=\"\" preload=\"metadata\" controlslist=\"nodownload\"><\/video>\n\t\t\t\t<\/div>\n\t\t\t\t\t\t<\/div>\n\t\t\t\t<\/div>\n\t\t<div class=\"elementor-element elementor-element-499a7a0 e-con-full e-flex e-con e-child\" data-id=\"499a7a0\" data-element_type=\"container\" data-e-type=\"container\">\n\t\t\t\t<\/div>\n\t\t<div class=\"elementor-element elementor-element-46e2c5c e-con-full e-flex e-con e-child\" data-id=\"46e2c5c\" data-element_type=\"container\" data-e-type=\"container\">\n\t\t\t\t<\/div>\n\t\t\t\t\t<\/div>\n\t\t\t\t<\/div>\n\t\t\t\t<\/div>","protected":false},"excerpt":{"rendered":"<p>Programme \u00ab Villes vivables \u00bb Le Programme \u00ab Villes vivables \u00bb se cr\u00e9e en 2026 suite \u00e0 la signature avec l&rsquo;Association internationale LivCom d&rsquo;un protocole d&rsquo;accord qui confie \u00e0 Catharsis la gestion, notamment financi\u00e8re, des Prix LivCom. La raison d&rsquo;\u00eatre de LivCom, c&rsquo;est de r\u00e9compenser lez villes pour leur politique de d\u00e9veloppement durable, avec des [&hellip;]<\/p>","protected":false},"author":1,"featured_media":0,"parent":42,"menu_order":0,"comment_status":"closed","ping_status":"closed","template":"","meta":{"give_campaign_id":0,"om_disable_all_campaigns":false,"_uag_custom_page_level_css":"","_monsterinsights_skip_tracking":false,"_monsterinsights_sitenote_active":false,"_monsterinsights_sitenote_note":"","_monsterinsights_sitenote_category":0,"_uf_show_specific_survey":0,"_uf_disable_surveys":false,"site-sidebar-layout":"no-sidebar","site-content-layout":"","ast-site-content-layout":"full-width-container","site-content-style":"default","site-sidebar-style":"default","ast-global-header-display":"","ast-banner-title-visibility":"","ast-main-header-display":"","ast-hfb-above-header-display":"","ast-hfb-below-header-display":"","ast-hfb-mobile-header-display":"","site-post-title":"","ast-breadcrumbs-content":"","ast-featured-img":"disabled","footer-sml-layout":"","ast-disable-related-posts":"","theme-transparent-header-meta":"","adv-header-id-meta":"","stick-header-meta":"","header-above-stick-meta":"","header-main-stick-meta":"","header-below-stick-meta":"","astra-migrate-meta-layouts":"default","ast-page-background-enabled":"default","ast-page-background-meta":{"desktop":{"background-color":"var(--ast-global-color-5)","background-image":"","background-repeat":"repeat","background-position":"center center","background-size":"auto","background-attachment":"scroll","background-type":"","background-media":"","overlay-type":"","overlay-color":"","overlay-opacity":"","overlay-gradient":""},"tablet":{"background-color":"","background-image":"","background-repeat":"repeat","background-position":"center center","background-size":"auto","background-attachment":"scroll","background-type":"","background-media":"","overlay-type":"","overlay-color":"","overlay-opacity":"","overlay-gradient":""},"mobile":{"background-color":"","background-image":"","background-repeat":"repeat","background-position":"center center","background-size":"auto","background-attachment":"scroll","background-type":"","background-media":"","overlay-type":"","overlay-color":"","overlay-opacity":"","overlay-gradient":""}},"ast-content-background-meta":{"desktop":{"background-color":"var(--ast-global-color-4)","background-image":"","background-repeat":"repeat","background-position":"center center","background-size":"auto","background-attachment":"scroll","background-type":"","background-media":"","overlay-type":"","overlay-color":"","overlay-opacity":"","overlay-gradient":""},"tablet":{"background-color":"var(--ast-global-color-4)","background-image":"","background-repeat":"repeat","background-position":"center center","background-size":"auto","background-attachment":"scroll","background-type":"","background-media":"","overlay-type":"","overlay-color":"","overlay-opacity":"","overlay-gradient":""},"mobile":{"background-color":"var(--ast-global-color-4)","background-image":"","background-repeat":"repeat","background-position":"center center","background-size":"auto","background-attachment":"scroll","background-type":"","background-media":"","overlay-type":"","overlay-color":"","overlay-opacity":"","overlay-gradient":""}},"footnotes":""},"class_list":["post-135","page","type-page","status-publish","hentry"],"aioseo_notices":[],"campaignId":"","_hostinger_reach_plugin_has_subscription_block":false,"_hostinger_reach_plugin_is_elementor":false,"uagb_featured_image_src":{"full":false,"thumbnail":false,"medium":false,"medium_large":false,"large":false,"1536x1536":false,"2048x2048":false,"trp-custom-language-flag":false},"uagb_author_info":{"display_name":"jcphgd@gmail.com","author_link":"https:\/\/associationcatharsis.org\/en\/author\/jcphgdgmail-com\/"},"uagb_comment_info":0,"uagb_excerpt":"Programme \u00ab Villes vivables \u00bb Le Programme \u00ab Villes vivables \u00bb se cr\u00e9e en 2026 suite \u00e0 la signature avec l&rsquo;Association internationale LivCom d&rsquo;un protocole d&rsquo;accord qui confie \u00e0 Catharsis la gestion, notamment financi\u00e8re, des Prix LivCom. La raison d&rsquo;\u00eatre de LivCom, c&rsquo;est de r\u00e9compenser lez villes pour leur politique de d\u00e9veloppement durable, avec des&hellip;","_links":{"self":[{"href":"https:\/\/associationcatharsis.org\/en\/wp-json\/wp\/v2\/pages\/135","targetHints":{"allow":["GET"]}}],"collection":[{"href":"https:\/\/associationcatharsis.org\/en\/wp-json\/wp\/v2\/pages"}],"about":[{"href":"https:\/\/associationcatharsis.org\/en\/wp-json\/wp\/v2\/types\/page"}],"author":[{"embeddable":true,"href":"https:\/\/associationcatharsis.org\/en\/wp-json\/wp\/v2\/users\/1"}],"replies":[{"embeddable":true,"href":"https:\/\/associationcatharsis.org\/en\/wp-json\/wp\/v2\/comments?post=135"}],"version-history":[{"count":29,"href":"https:\/\/associationcatharsis.org\/en\/wp-json\/wp\/v2\/pages\/135\/revisions"}],"predecessor-version":[{"id":915,"href":"https:\/\/associationcatharsis.org\/en\/wp-json\/wp\/v2\/pages\/135\/revisions\/915"}],"up":[{"embeddable":true,"href":"https:\/\/associationcatharsis.org\/en\/wp-json\/wp\/v2\/pages\/42"}],"wp:attachment":[{"href":"https:\/\/associationcatharsis.org\/en\/wp-json\/wp\/v2\/media?parent=135"}],"curies":[{"name":"wp","href":"https:\/\/api.w.org\/{rel}","templated":true}]}}