{"id":366,"date":"2025-12-23T20:12:26","date_gmt":"2025-12-23T19:12:26","guid":{"rendered":"https:\/\/associationcatharsis.org\/?page_id=366"},"modified":"2026-03-24T13:46:02","modified_gmt":"2026-03-24T12:46:02","slug":"soutenir-cpp","status":"publish","type":"page","link":"https:\/\/associationcatharsis.org\/en\/cpp\/soutenir-cpp\/","title":{"rendered":"Faire un don"},"content":{"rendered":"<div data-elementor-type=\"page\" data-elementor-id=\"366\" class=\"elementor elementor-366\" data-elementor-post-type=\"page\">\n\t\t\t\t<div class=\"elementor-element elementor-element-d32d101 e-flex e-con-boxed e-con e-parent\" data-id=\"d32d101\" data-element_type=\"container\" data-e-type=\"container\">\n\t\t\t\t\t<div class=\"e-con-inner\">\n\t\t\t\t<div class=\"elementor-element elementor-element-1284566 elementor-widget elementor-widget-menu-anchor\" data-id=\"1284566\" data-element_type=\"widget\" data-e-type=\"widget\" data-widget_type=\"menu-anchor.default\">\n\t\t\t\t\t\t\t<div class=\"elementor-menu-anchor\" id=\"don-en-ligne\"><\/div>\n\t\t\t\t\t\t<\/div>\n\t\t\t\t\t<\/div>\n\t\t\t\t<\/div>\n\t\t<div class=\"elementor-element elementor-element-bafb414 e-con-full e-flex e-con e-parent\" data-id=\"bafb414\" data-element_type=\"container\" data-e-type=\"container\">\n\t\t<div class=\"elementor-element elementor-element-d40489c e-con-full e-flex e-con e-child\" data-id=\"d40489c\" data-element_type=\"container\" data-e-type=\"container\">\n\t\t\t\t<\/div>\n\t\t<div class=\"elementor-element elementor-element-387d9fc e-con-full e-flex e-con e-child\" data-id=\"387d9fc\" data-element_type=\"container\" data-e-type=\"container\">\n\t\t\t\t<div class=\"elementor-element elementor-element-69fdc5e elementor-widget elementor-widget-wp-widget-give_forms_widget\" data-id=\"69fdc5e\" data-element_type=\"widget\" data-e-type=\"widget\" data-widget_type=\"wp-widget-give_forms_widget.default\">\n\t\t\t\t<div class=\"elementor-widget-container\">\n\t\t\t\t\t<div class='root-data-givewp-embed' data-form-locale='en_GB' data-form-url='https:\/\/associationcatharsis.org\/?post_type=give_forms&amp;p=406' data-form-view-url='https:\/\/associationcatharsis.org\/en\/?givewp-route=donation-form-view&amp;form-id=406' data-src='https:\/\/associationcatharsis.org\/en\/?givewp-route=donation-form-view&amp;form-id=406' data-givewp-embed-id='give-form-shortcode-1' data-form-format='button' data-open-form-button='J&#039;effectue mon don' style='--givewp-primary-color: #1a3b2a; --givewp-secondary-color: #c9a45d;'><\/div>\t\t\t\t<\/div>\n\t\t\t\t<\/div>\n\t\t\t\t<\/div>\n\t\t<div class=\"elementor-element elementor-element-9f7c878 e-con-full e-flex e-con e-child\" data-id=\"9f7c878\" data-element_type=\"container\" data-e-type=\"container\">\n\t\t\t\t<\/div>\n\t\t\t\t<\/div>\n\t\t<div class=\"elementor-element elementor-element-6fd55bd e-flex e-con-boxed e-con e-parent\" data-id=\"6fd55bd\" data-element_type=\"container\" data-e-type=\"container\">\n\t\t\t\t\t<div class=\"e-con-inner\">\n\t\t<div class=\"elementor-element elementor-element-ac95538 e-con-full e-flex e-con e-child\" data-id=\"ac95538\" data-element_type=\"container\" data-e-type=\"container\" data-settings=\"{&quot;background_background&quot;:&quot;classic&quot;}\">\n\t\t\t\t<div class=\"elementor-element elementor-element-1bdbe21 elementor-widget elementor-widget-heading\" data-id=\"1bdbe21\" data-element_type=\"widget\" data-e-type=\"widget\" data-widget_type=\"heading.default\">\n\t\t\t\t\t<h2 class=\"elementor-heading-title elementor-size-default\">Soutenir le programme \u00ab Confiance, Paix &amp; Prosp\u00e9rit\u00e9 \u00bb, c'est :<\/h2>\t\t\t\t<\/div>\n\t\t\t\t<\/div>\n\t\t\t\t\t<\/div>\n\t\t\t\t<\/div>\n\t\t<div class=\"elementor-element elementor-element-b4de2c6 e-flex e-con-boxed e-con e-parent\" data-id=\"b4de2c6\" data-element_type=\"container\" data-e-type=\"container\">\n\t\t\t\t\t<div class=\"e-con-inner\">\n\t\t<div class=\"elementor-element elementor-element-f9ebe3d e-con-full e-flex e-con e-child\" data-id=\"f9ebe3d\" data-element_type=\"container\" data-e-type=\"container\">\n\t\t\t\t<div class=\"elementor-element elementor-element-bda341e elementor-widget elementor-widget-text-editor\" data-id=\"bda341e\" data-element_type=\"widget\" data-e-type=\"widget\" data-widget_type=\"text-editor.default\">\n\t\t\t\t\t\t\t\t\t<p data-start=\"450\" data-end=\"558\"><span class=\"BZ_Pyq_fadeIn\">\u2713 <\/span><strong data-start=\"452\" data-end=\"491\"><span class=\"BZ_Pyq_fadeIn\">Agir <\/span><span class=\"BZ_Pyq_fadeIn\">sur <\/span><span class=\"BZ_Pyq_fadeIn\">les <\/span><span class=\"BZ_Pyq_fadeIn\">racines <\/span><span class=\"BZ_Pyq_fadeIn\">de <\/span><span class=\"BZ_Pyq_fadeIn\">la <\/span><span class=\"BZ_Pyq_fadeIn\">d\u00e9fiance<\/span><\/strong> <span class=\"BZ_Pyq_fadeIn\">qui <\/span><span class=\"BZ_Pyq_fadeIn\">fragilise <\/span><span class=\"BZ_Pyq_fadeIn\">nos <\/span><span class=\"BZ_Pyq_fadeIn\">soci\u00e9t\u00e9s, <\/span><span class=\"BZ_Pyq_fadeIn\">nos <\/span><span class=\"BZ_Pyq_fadeIn\">organisations <\/span><span class=\"BZ_Pyq_fadeIn\">et <\/span><span class=\"BZ_Pyq_fadeIn\">nos <\/span><span class=\"BZ_Pyq_fadeIn\">communaut\u00e9s<\/span><\/p><p data-start=\"560\" data-end=\"700\"><span class=\"BZ_Pyq_fadeIn\">\u2713 <\/span><strong data-start=\"562\" data-end=\"632\"><span class=\"BZ_Pyq_fadeIn\">Former <\/span><span class=\"BZ_Pyq_fadeIn\">des <\/span><span class=\"BZ_Pyq_fadeIn\">femmes <\/span><span class=\"BZ_Pyq_fadeIn\">et <\/span><span class=\"BZ_Pyq_fadeIn\">des <\/span><span class=\"BZ_Pyq_fadeIn\">hommes <\/span><span class=\"BZ_Pyq_fadeIn\">capables <\/span><span class=\"BZ_Pyq_fadeIn\">de <\/span><span class=\"BZ_Pyq_fadeIn\">restaurer <\/span><span class=\"BZ_Pyq_fadeIn\">la <\/span><span class=\"BZ_Pyq_fadeIn\">confiance<\/span><\/strong> <span class=\"BZ_Pyq_fadeIn\">dans <\/span><span class=\"BZ_Pyq_fadeIn\">l\u2019\u00e9ducation, <\/span><span class=\"BZ_Pyq_fadeIn\">l\u2019emploi, <\/span><span class=\"BZ_Pyq_fadeIn\">les <\/span><span class=\"BZ_Pyq_fadeIn\">institutions <\/span><span class=\"BZ_Pyq_fadeIn\">et <\/span><span class=\"BZ_Pyq_fadeIn\">la <\/span><span class=\"BZ_Pyq_fadeIn\">vie <\/span><span class=\"BZ_Pyq_fadeIn\">collective<\/span><\/p><p data-start=\"702\" data-end=\"888\"><span class=\"BZ_Pyq_fadeIn\">\u2713 <\/span><strong data-start=\"704\" data-end=\"737\"><span class=\"BZ_Pyq_fadeIn\">Soutenir <\/span><span class=\"BZ_Pyq_fadeIn\">des <\/span><span class=\"BZ_Pyq_fadeIn\">projets <\/span><span class=\"BZ_Pyq_fadeIn\">concrets<\/span><\/strong> <span class=\"BZ_Pyq_fadeIn\">qui <\/span><span class=\"BZ_Pyq_fadeIn\">agissent <\/span><span class=\"BZ_Pyq_fadeIn\">sur <\/span><span class=\"BZ_Pyq_fadeIn\">les <\/span><span class=\"BZ_Pyq_fadeIn\">causes <\/span><span class=\"BZ_Pyq_fadeIn\">profondes <\/span><span class=\"BZ_Pyq_fadeIn\">des <\/span><span class=\"BZ_Pyq_fadeIn\">tensions : <\/span><span class=\"BZ_Pyq_fadeIn\">\u00e9ducation, <\/span><span class=\"BZ_Pyq_fadeIn\">insertion <\/span><span class=\"BZ_Pyq_fadeIn\">professionnelle, <\/span><span class=\"BZ_Pyq_fadeIn\">coop\u00e9ration <\/span><span class=\"BZ_Pyq_fadeIn\">entre <\/span><span class=\"BZ_Pyq_fadeIn\">acteurs <\/span><span class=\"BZ_Pyq_fadeIn\">publics, <\/span><span class=\"BZ_Pyq_fadeIn\">\u00e9conomiques <\/span><span class=\"BZ_Pyq_fadeIn\">et <\/span><span class=\"BZ_Pyq_fadeIn\">sociaux<\/span><\/p><p data-start=\"890\" data-end=\"1007\"><span class=\"BZ_Pyq_fadeIn\">\u2713 <\/span><strong data-start=\"892\" data-end=\"941\"><span class=\"BZ_Pyq_fadeIn\">Permettre <\/span><span class=\"BZ_Pyq_fadeIn\">le <\/span><span class=\"BZ_Pyq_fadeIn\">d\u00e9veloppement <\/span><span class=\"BZ_Pyq_fadeIn\">d\u2019outils <\/span><span class=\"BZ_Pyq_fadeIn\">innovants<\/span><\/strong> <span class=\"BZ_Pyq_fadeIn\">pour <\/span><span class=\"BZ_Pyq_fadeIn\">comprendre, <\/span><span class=\"BZ_Pyq_fadeIn\">mesurer <\/span><span class=\"BZ_Pyq_fadeIn\">et <\/span><span class=\"BZ_Pyq_fadeIn\">pr\u00e9venir <\/span><span class=\"BZ_Pyq_fadeIn\">les <\/span><span class=\"BZ_Pyq_fadeIn\">dynamiques <\/span><span class=\"BZ_Pyq_fadeIn\">de <\/span><span class=\"BZ_Pyq_fadeIn\">d\u00e9fiance<\/span><\/p><p data-start=\"1009\" data-end=\"1131\"><span class=\"BZ_Pyq_fadeIn\">\u2713 <\/span><strong data-start=\"1011\" data-end=\"1054\"><span class=\"BZ_Pyq_fadeIn\">Contribuer <\/span><span class=\"BZ_Pyq_fadeIn\">\u00e0 <\/span><span class=\"BZ_Pyq_fadeIn\">un <\/span><span class=\"BZ_Pyq_fadeIn\">mouvement <\/span><span class=\"BZ_Pyq_fadeIn\">international<\/span><\/strong> <span class=\"BZ_Pyq_fadeIn\">qui <\/span><span class=\"BZ_Pyq_fadeIn\">agit <\/span><span class=\"BZ_Pyq_fadeIn\">pour <\/span><span class=\"BZ_Pyq_fadeIn\">des <\/span><span class=\"BZ_Pyq_fadeIn\">soci\u00e9t\u00e9s <\/span><span class=\"BZ_Pyq_fadeIn\">plus <\/span><span class=\"BZ_Pyq_fadeIn\">justes, <\/span><span class=\"BZ_Pyq_fadeIn\">plus <\/span><span class=\"BZ_Pyq_fadeIn\">coop\u00e9ratives <\/span><span class=\"BZ_Pyq_fadeIn\">et <\/span><span class=\"BZ_Pyq_fadeIn\">plus <\/span><span class=\"BZ_Pyq_fadeIn\">pacifiques<\/span><\/p><p data-start=\"1009\" data-end=\"1131\"><span class=\"BZ_Pyq_fadeIn\">\u2713 <\/span><strong data-start=\"1299\" data-end=\"1423\"><span class=\"BZ_Pyq_fadeIn\">Rejoindre <\/span><span class=\"BZ_Pyq_fadeIn\">celles <\/span><span class=\"BZ_Pyq_fadeIn\">et <\/span><span class=\"BZ_Pyq_fadeIn\">ceux <\/span><span class=\"BZ_Pyq_fadeIn\">qui <\/span><span class=\"BZ_Pyq_fadeIn\">choisissent <\/span><span class=\"BZ_Pyq_fadeIn\">d\u2019agir <\/span><span class=\"BZ_Pyq_fadeIn\">pour <\/span><span class=\"BZ_Pyq_fadeIn\">que <\/span><span class=\"BZ_Pyq_fadeIn\">la <\/span><span class=\"BZ_Pyq_fadeIn\">confiance <\/span><span class=\"BZ_Pyq_fadeIn\">devienne <\/span><span class=\"BZ_Pyq_fadeIn\">une <\/span><span class=\"BZ_Pyq_fadeIn\">force <\/span><span class=\"BZ_Pyq_fadeIn\">de <\/span><span class=\"BZ_Pyq_fadeIn\">transformation <\/span><span class=\"BZ_Pyq_fadeIn\">des <\/span><span class=\"BZ_Pyq_fadeIn\">soci\u00e9t\u00e9s.<\/span><\/strong><\/p>\t\t\t\t\t\t\t\t<\/div>\n\t\t\t\t<\/div>\n\t\t\t\t\t<\/div>\n\t\t\t\t<\/div>\n\t\t\t\t<\/div>","protected":false},"excerpt":{"rendered":"<p>Soutenir le programme \u00ab Confiance, Paix &amp; Prosp\u00e9rit\u00e9 \u00bb, c&rsquo;est : \u2713 Agir sur les racines de la d\u00e9fiance qui fragilise nos soci\u00e9t\u00e9s, nos organisations et nos communaut\u00e9s \u2713 Former des femmes et des hommes capables de restaurer la confiance dans l\u2019\u00e9ducation, l\u2019emploi, les institutions et la vie collective \u2713 Soutenir des projets concrets qui [&hellip;]<\/p>","protected":false},"author":1,"featured_media":180,"parent":44,"menu_order":0,"comment_status":"closed","ping_status":"closed","template":"","meta":{"give_campaign_id":2,"om_disable_all_campaigns":false,"_uag_custom_page_level_css":"","_monsterinsights_skip_tracking":false,"_monsterinsights_sitenote_active":false,"_monsterinsights_sitenote_note":"","_monsterinsights_sitenote_category":0,"_uf_show_specific_survey":0,"_uf_disable_surveys":false,"site-sidebar-layout":"default","site-content-layout":"","ast-site-content-layout":"default","site-content-style":"default","site-sidebar-style":"default","ast-global-header-display":"","ast-banner-title-visibility":"","ast-main-header-display":"","ast-hfb-above-header-display":"","ast-hfb-below-header-display":"","ast-hfb-mobile-header-display":"","site-post-title":"disabled","ast-breadcrumbs-content":"","ast-featured-img":"disabled","footer-sml-layout":"","ast-disable-related-posts":"","theme-transparent-header-meta":"","adv-header-id-meta":"","stick-header-meta":"","header-above-stick-meta":"","header-main-stick-meta":"","header-below-stick-meta":"","astra-migrate-meta-layouts":"default","ast-page-background-enabled":"default","ast-page-background-meta":{"desktop":{"background-color":"var(--ast-global-color-5)","background-image":"","background-repeat":"repeat","background-position":"center center","background-size":"auto","background-attachment":"scroll","background-type":"","background-media":"","overlay-type":"","overlay-color":"","overlay-opacity":"","overlay-gradient":""},"tablet":{"background-color":"","background-image":"","background-repeat":"repeat","background-position":"center center","background-size":"auto","background-attachment":"scroll","background-type":"","background-media":"","overlay-type":"","overlay-color":"","overlay-opacity":"","overlay-gradient":""},"mobile":{"background-color":"","background-image":"","background-repeat":"repeat","background-position":"center center","background-size":"auto","background-attachment":"scroll","background-type":"","background-media":"","overlay-type":"","overlay-color":"","overlay-opacity":"","overlay-gradient":""}},"ast-content-background-meta":{"desktop":{"background-color":"var(--ast-global-color-4)","background-image":"","background-repeat":"repeat","background-position":"center center","background-size":"auto","background-attachment":"scroll","background-type":"","background-media":"","overlay-type":"","overlay-color":"","overlay-opacity":"","overlay-gradient":""},"tablet":{"background-color":"var(--ast-global-color-4)","background-image":"","background-repeat":"repeat","background-position":"center center","background-size":"auto","background-attachment":"scroll","background-type":"","background-media":"","overlay-type":"","overlay-color":"","overlay-opacity":"","overlay-gradient":""},"mobile":{"background-color":"var(--ast-global-color-4)","background-image":"","background-repeat":"repeat","background-position":"center center","background-size":"auto","background-attachment":"scroll","background-type":"","background-media":"","overlay-type":"","overlay-color":"","overlay-opacity":"","overlay-gradient":""}},"footnotes":""},"class_list":["post-366","page","type-page","status-publish","has-post-thumbnail","hentry"],"aioseo_notices":[],"campaignId":"2","_hostinger_reach_plugin_has_subscription_block":false,"_hostinger_reach_plugin_is_elementor":false,"uagb_featured_image_src":{"full":["https:\/\/associationcatharsis.org\/wp-content\/uploads\/2025\/12\/Arbre-de-Confiance-scaled.jpg",2560,1810,false],"thumbnail":["https:\/\/associationcatharsis.org\/wp-content\/uploads\/2025\/12\/Arbre-de-Confiance-150x150.jpg",150,150,true],"medium":["https:\/\/associationcatharsis.org\/wp-content\/uploads\/2025\/12\/Arbre-de-Confiance-300x212.jpg",300,212,true],"medium_large":["https:\/\/associationcatharsis.org\/wp-content\/uploads\/2025\/12\/Arbre-de-Confiance-768x543.jpg",768,543,true],"large":["https:\/\/associationcatharsis.org\/wp-content\/uploads\/2025\/12\/Arbre-de-Confiance-1024x724.jpg",1024,724,true],"1536x1536":["https:\/\/associationcatharsis.org\/wp-content\/uploads\/2025\/12\/Arbre-de-Confiance-1536x1086.jpg",1536,1086,true],"2048x2048":["https:\/\/associationcatharsis.org\/wp-content\/uploads\/2025\/12\/Arbre-de-Confiance-2048x1448.jpg",2048,1448,true],"trp-custom-language-flag":["https:\/\/associationcatharsis.org\/wp-content\/uploads\/2025\/12\/Arbre-de-Confiance-scaled.jpg",18,12,false]},"uagb_author_info":{"display_name":"jcphgd@gmail.com","author_link":"https:\/\/associationcatharsis.org\/en\/author\/jcphgdgmail-com\/"},"uagb_comment_info":0,"uagb_excerpt":"Soutenir le programme \u00ab Confiance, Paix &amp; Prosp\u00e9rit\u00e9 \u00bb, c&rsquo;est : \u2713 Agir sur les racines de la d\u00e9fiance qui fragilise nos soci\u00e9t\u00e9s, nos organisations et nos communaut\u00e9s \u2713 Former des femmes et des hommes capables de restaurer la confiance dans l\u2019\u00e9ducation, l\u2019emploi, les institutions et la vie collective \u2713 Soutenir des projets concrets qui&hellip;","_links":{"self":[{"href":"https:\/\/associationcatharsis.org\/en\/wp-json\/wp\/v2\/pages\/366","targetHints":{"allow":["GET"]}}],"collection":[{"href":"https:\/\/associationcatharsis.org\/en\/wp-json\/wp\/v2\/pages"}],"about":[{"href":"https:\/\/associationcatharsis.org\/en\/wp-json\/wp\/v2\/types\/page"}],"author":[{"embeddable":true,"href":"https:\/\/associationcatharsis.org\/en\/wp-json\/wp\/v2\/users\/1"}],"replies":[{"embeddable":true,"href":"https:\/\/associationcatharsis.org\/en\/wp-json\/wp\/v2\/comments?post=366"}],"version-history":[{"count":31,"href":"https:\/\/associationcatharsis.org\/en\/wp-json\/wp\/v2\/pages\/366\/revisions"}],"predecessor-version":[{"id":899,"href":"https:\/\/associationcatharsis.org\/en\/wp-json\/wp\/v2\/pages\/366\/revisions\/899"}],"up":[{"embeddable":true,"href":"https:\/\/associationcatharsis.org\/en\/wp-json\/wp\/v2\/pages\/44"}],"wp:featuredmedia":[{"embeddable":true,"href":"https:\/\/associationcatharsis.org\/en\/wp-json\/wp\/v2\/media\/180"}],"wp:attachment":[{"href":"https:\/\/associationcatharsis.org\/en\/wp-json\/wp\/v2\/media?parent=366"}],"curies":[{"name":"wp","href":"https:\/\/api.w.org\/{rel}","templated":true}]}}