{"id":380,"date":"2025-12-23T20:48:40","date_gmt":"2025-12-23T19:48:40","guid":{"rendered":"https:\/\/associationcatharsis.org\/?page_id=380"},"modified":"2025-12-25T19:51:57","modified_gmt":"2025-12-25T18:51:57","slug":"nous-soutenir","status":"publish","type":"page","link":"https:\/\/associationcatharsis.org\/en\/nous-soutenir\/","title":{"rendered":"Supporting us"},"content":{"rendered":"<div data-elementor-type=\"page\" data-elementor-id=\"380\" class=\"elementor elementor-380\" data-elementor-post-type=\"page\">\n\t\t\t\t<div class=\"elementor-element elementor-element-2a84b47 e-flex e-con-boxed e-con e-parent\" data-id=\"2a84b47\" data-element_type=\"container\" data-e-type=\"container\">\n\t\t\t\t\t<div class=\"e-con-inner\">\n\t\t<div class=\"elementor-element elementor-element-83e1a5e e-con-full e-flex e-con e-child\" data-id=\"83e1a5e\" data-element_type=\"container\" data-e-type=\"container\" data-settings=\"{&quot;background_background&quot;:&quot;classic&quot;}\">\n\t\t\t\t<div class=\"elementor-element elementor-element-19fa5f9 elementor-widget elementor-widget-heading\" data-id=\"19fa5f9\" data-element_type=\"widget\" data-e-type=\"widget\" data-widget_type=\"heading.default\">\n\t\t\t\t\t<h2 class=\"elementor-heading-title elementor-size-default\">Supporting us<\/h2>\t\t\t\t<\/div>\n\t\t\t\t<\/div>\n\t\t\t\t\t<\/div>\n\t\t\t\t<\/div>\n\t\t<div class=\"elementor-element elementor-element-52702fa e-flex e-con-boxed e-con e-parent\" data-id=\"52702fa\" data-element_type=\"container\" data-e-type=\"container\">\n\t\t\t\t\t<div class=\"e-con-inner\">\n\t\t\t\t<div class=\"elementor-element elementor-element-a89b2d2 elementor-widget elementor-widget-text-editor\" data-id=\"a89b2d2\" data-element_type=\"widget\" data-e-type=\"widget\" data-widget_type=\"text-editor.default\">\n\t\t\t\t\t\t\t\t\t<p>Comme toutes les associations, Catharsis d\u00e9pend de financements de sources diverses. L&rsquo;essentiel de notre activit\u00e9 est soutenu par les institutions qui nous allouent des soutiens &#8211; le plus souvent sous forme de subventions &#8211; pour permettre la mise en \u0153uvre de projets contractualis\u00e9s.<\/p>\n<p>Pour en savoir plus sur nos diff\u00e9rents programmes et les possibilit\u00e9s de les soutenir directement, suivez le menu :<\/p>\n<ul>\n<li>Programme <strong><a href=\"https:\/\/associationcatharsis.org\/en\/programmes\/dialogues-territoriaux-et-sante-commune\/\">Territorial dialogue and common health<\/a><\/strong><\/li>\n<li>Programme <a href=\"https:\/\/associationcatharsis.org\/en\/programmes\/cpp\/\"><strong>Trust, Peace &amp; Prosperity<\/strong><\/a><\/li>\n<li>Programme <a href=\"https:\/\/associationcatharsis.org\/en\/programmes\/livcom\/\"><strong>International LivCom Awards<\/strong><\/a><\/li>\n<\/ul>\n<p>Mais vous pouvez \u00e9galement soutenir Catharsis dans son action g\u00e9n\u00e9rale. Votre don, quel qu&rsquo;en soit le montant, permet de couvrir les co\u00fbts incompressibles d&rsquo;une structure associative, ainsi que le maintien d&rsquo;une \u00e9quipe salari\u00e9e dans des conditions d\u00e9centes. Association d&rsquo;int\u00e9r\u00eat g\u00e9n\u00e9ral, \u00e0 gestion d\u00e9sint\u00e9ress\u00e9e, Catharsis vous adresse un re\u00e7u fiscal vous permettant de b\u00e9n\u00e9ficier d&rsquo;une d\u00e9duction fiscale qui peut atteindre 66% du montant de votre don.<\/p>\n<p>Pour r\u00e9gler directement en ligne par carte bancaire, ou pour saisir vos coordonn\u00e9es avant de nous adresser un ch\u00e8que, pr\u00e9cisant le cas \u00e9ch\u00e9ant le programme ou le projet que vous souhaitez soutenir, cliquez sur le bouton ci-dessous.<\/p>\t\t\t\t\t\t\t\t<\/div>\n\t\t\t\t\t<\/div>\n\t\t\t\t<\/div>\n\t\t<div class=\"elementor-element elementor-element-436408f e-flex e-con-boxed e-con e-parent\" data-id=\"436408f\" data-element_type=\"container\" data-e-type=\"container\" data-settings=\"{&quot;background_background&quot;:&quot;classic&quot;}\">\n\t\t\t\t\t<div class=\"e-con-inner\">\n\t\t\t\t<div class=\"elementor-element elementor-element-8834dd5 elementor-widget elementor-widget-wp-widget-give_forms_widget\" data-id=\"8834dd5\" data-element_type=\"widget\" data-e-type=\"widget\" data-widget_type=\"wp-widget-give_forms_widget.default\">\n\t\t\t\t<div class=\"elementor-widget-container\">\n\t\t\t\t\t<div class='root-data-givewp-embed' data-form-locale='en_GB' data-form-url='https:\/\/associationcatharsis.org\/?post_type=give_forms&amp;p=379' data-form-view-url='https:\/\/associationcatharsis.org\/en\/?givewp-route=donation-form-view&amp;form-id=379' data-src='https:\/\/associationcatharsis.org\/en\/?givewp-route=donation-form-view&amp;form-id=379' data-givewp-embed-id='give-form-shortcode-1' data-form-format='modal' data-open-form-button='Je fais un don' style='--givewp-primary-color: #0b72d9; --givewp-secondary-color: #27ae60;'><\/div>\t\t\t\t<\/div>\n\t\t\t\t<\/div>\n\t\t\t\t\t<\/div>\n\t\t\t\t<\/div>\n\t\t\t\t<\/div>","protected":false},"excerpt":{"rendered":"<p>Nous soutenir Comme toutes les associations, Catharsis d\u00e9pend de financements de sources diverses. L&rsquo;essentiel de notre activit\u00e9 est soutenu par les institutions qui nous allouent des soutiens &#8211; le plus souvent sous forme de subventions &#8211; pour permettre la mise en \u0153uvre de projets contractualis\u00e9s. Pour en savoir plus sur nos diff\u00e9rents programmes et les [&hellip;]<\/p>","protected":false},"author":1,"featured_media":0,"parent":0,"menu_order":0,"comment_status":"closed","ping_status":"closed","template":"","meta":{"give_campaign_id":3,"om_disable_all_campaigns":false,"_uag_custom_page_level_css":"","_monsterinsights_skip_tracking":false,"_monsterinsights_sitenote_active":false,"_monsterinsights_sitenote_note":"","_monsterinsights_sitenote_category":0,"_uf_show_specific_survey":0,"_uf_disable_surveys":false,"site-sidebar-layout":"default","site-content-layout":"","ast-site-content-layout":"default","site-content-style":"default","site-sidebar-style":"default","ast-global-header-display":"","ast-banner-title-visibility":"","ast-main-header-display":"","ast-hfb-above-header-display":"","ast-hfb-below-header-display":"","ast-hfb-mobile-header-display":"","site-post-title":"","ast-breadcrumbs-content":"","ast-featured-img":"","footer-sml-layout":"","ast-disable-related-posts":"","theme-transparent-header-meta":"","adv-header-id-meta":"","stick-header-meta":"","header-above-stick-meta":"","header-main-stick-meta":"","header-below-stick-meta":"","astra-migrate-meta-layouts":"default","ast-page-background-enabled":"default","ast-page-background-meta":{"desktop":{"background-color":"var(--ast-global-color-5)","background-image":"","background-repeat":"repeat","background-position":"center center","background-size":"auto","background-attachment":"scroll","background-type":"","background-media":"","overlay-type":"","overlay-color":"","overlay-opacity":"","overlay-gradient":""},"tablet":{"background-color":"","background-image":"","background-repeat":"repeat","background-position":"center center","background-size":"auto","background-attachment":"scroll","background-type":"","background-media":"","overlay-type":"","overlay-color":"","overlay-opacity":"","overlay-gradient":""},"mobile":{"background-color":"","background-image":"","background-repeat":"repeat","background-position":"center center","background-size":"auto","background-attachment":"scroll","background-type":"","background-media":"","overlay-type":"","overlay-color":"","overlay-opacity":"","overlay-gradient":""}},"ast-content-background-meta":{"desktop":{"background-color":"var(--ast-global-color-4)","background-image":"","background-repeat":"repeat","background-position":"center center","background-size":"auto","background-attachment":"scroll","background-type":"","background-media":"","overlay-type":"","overlay-color":"","overlay-opacity":"","overlay-gradient":""},"tablet":{"background-color":"var(--ast-global-color-4)","background-image":"","background-repeat":"repeat","background-position":"center center","background-size":"auto","background-attachment":"scroll","background-type":"","background-media":"","overlay-type":"","overlay-color":"","overlay-opacity":"","overlay-gradient":""},"mobile":{"background-color":"var(--ast-global-color-4)","background-image":"","background-repeat":"repeat","background-position":"center center","background-size":"auto","background-attachment":"scroll","background-type":"","background-media":"","overlay-type":"","overlay-color":"","overlay-opacity":"","overlay-gradient":""}},"footnotes":""},"class_list":["post-380","page","type-page","status-publish","hentry"],"aioseo_notices":[],"campaignId":"3","_hostinger_reach_plugin_has_subscription_block":false,"_hostinger_reach_plugin_is_elementor":false,"uagb_featured_image_src":{"full":false,"thumbnail":false,"medium":false,"medium_large":false,"large":false,"1536x1536":false,"2048x2048":false,"trp-custom-language-flag":false},"uagb_author_info":{"display_name":"jcphgd@gmail.com","author_link":"https:\/\/associationcatharsis.org\/en\/author\/jcphgdgmail-com\/"},"uagb_comment_info":0,"uagb_excerpt":"Nous soutenir Comme toutes les associations, Catharsis d\u00e9pend de financements de sources diverses. L&rsquo;essentiel de notre activit\u00e9 est soutenu par les institutions qui nous allouent des soutiens &#8211; le plus souvent sous forme de subventions &#8211; pour permettre la mise en \u0153uvre de projets contractualis\u00e9s. Pour en savoir plus sur nos diff\u00e9rents programmes et les&hellip;","_links":{"self":[{"href":"https:\/\/associationcatharsis.org\/en\/wp-json\/wp\/v2\/pages\/380","targetHints":{"allow":["GET"]}}],"collection":[{"href":"https:\/\/associationcatharsis.org\/en\/wp-json\/wp\/v2\/pages"}],"about":[{"href":"https:\/\/associationcatharsis.org\/en\/wp-json\/wp\/v2\/types\/page"}],"author":[{"embeddable":true,"href":"https:\/\/associationcatharsis.org\/en\/wp-json\/wp\/v2\/users\/1"}],"replies":[{"embeddable":true,"href":"https:\/\/associationcatharsis.org\/en\/wp-json\/wp\/v2\/comments?post=380"}],"version-history":[{"count":13,"href":"https:\/\/associationcatharsis.org\/en\/wp-json\/wp\/v2\/pages\/380\/revisions"}],"predecessor-version":[{"id":882,"href":"https:\/\/associationcatharsis.org\/en\/wp-json\/wp\/v2\/pages\/380\/revisions\/882"}],"wp:attachment":[{"href":"https:\/\/associationcatharsis.org\/en\/wp-json\/wp\/v2\/media?parent=380"}],"curies":[{"name":"wp","href":"https:\/\/api.w.org\/{rel}","templated":true}]}}