{"id":6,"date":"2025-12-15T13:02:24","date_gmt":"2025-12-15T13:02:24","guid":{"rendered":"https:\/\/associationcatharsis.org\/?page_id=6"},"modified":"2026-03-25T18:08:23","modified_gmt":"2026-03-25T17:08:23","slug":"accueil","status":"publish","type":"page","link":"https:\/\/associationcatharsis.org\/en\/","title":{"rendered":"Home"},"content":{"rendered":"<div data-elementor-type=\"wp-page\" data-elementor-id=\"6\" class=\"elementor elementor-6\" data-elementor-post-type=\"page\">\n\t\t\t\t<div class=\"elementor-element elementor-element-55610e3 e-flex e-con-boxed e-con e-parent\" data-id=\"55610e3\" data-element_type=\"container\" data-e-type=\"container\">\n\t\t\t\t\t<div class=\"e-con-inner\">\n\t\t\t\t<div class=\"elementor-element elementor-element-1926286 elementor-widget elementor-widget-spacer\" data-id=\"1926286\" data-element_type=\"widget\" data-e-type=\"widget\" data-widget_type=\"spacer.default\">\n\t\t\t\t\t\t\t<div class=\"elementor-spacer\">\n\t\t\t<div class=\"elementor-spacer-inner\"><\/div>\n\t\t<\/div>\n\t\t\t\t\t\t<\/div>\n\t\t\t\t\t<\/div>\n\t\t\t\t<\/div>\n\t\t<div class=\"elementor-element elementor-element-175c048 e-con-full e-flex e-con e-parent\" data-id=\"175c048\" data-element_type=\"container\" data-e-type=\"container\" data-settings=\"{&quot;background_background&quot;:&quot;classic&quot;}\">\n\t\t\t\t<div class=\"elementor-element elementor-element-6569b4e elementor-widget elementor-widget-text-editor\" data-id=\"6569b4e\" data-element_type=\"widget\" data-e-type=\"widget\" data-widget_type=\"text-editor.default\">\n\t\t\t\t\t\t\t\t\t<h1>Innovative ideas to transform practices<\/h1>\t\t\t\t\t\t\t\t<\/div>\n\t\t\t\t<\/div>\n\t\t<div class=\"elementor-element elementor-element-757c612 e-con-full e-flex e-con e-parent\" data-id=\"757c612\" data-element_type=\"container\" data-e-type=\"container\" data-settings=\"{&quot;background_background&quot;:&quot;classic&quot;}\">\n\t\t<div class=\"elementor-element elementor-element-7a0d04d e-con-full e-flex e-con e-child\" data-id=\"7a0d04d\" data-element_type=\"container\" data-e-type=\"container\">\n\t\t\t\t<div class=\"elementor-element elementor-element-829d3f7 elementor-widget elementor-widget-loop-carousel\" data-id=\"829d3f7\" data-element_type=\"widget\" data-e-type=\"widget\" data-settings=\"{&quot;template_id&quot;:588,&quot;slides_to_show&quot;:&quot;1&quot;,&quot;speed&quot;:750,&quot;_skin&quot;:&quot;post&quot;,&quot;slides_to_show_tablet&quot;:&quot;2&quot;,&quot;slides_to_show_mobile&quot;:&quot;1&quot;,&quot;slides_to_scroll&quot;:&quot;1&quot;,&quot;edit_handle_selector&quot;:&quot;.elementor-loop-container&quot;,&quot;autoplay&quot;:&quot;yes&quot;,&quot;autoplay_speed&quot;:5000,&quot;pause_on_hover&quot;:&quot;yes&quot;,&quot;pause_on_interaction&quot;:&quot;yes&quot;,&quot;infinite&quot;:&quot;yes&quot;,&quot;offset_sides&quot;:&quot;none&quot;,&quot;image_spacing_custom&quot;:{&quot;unit&quot;:&quot;px&quot;,&quot;size&quot;:10,&quot;sizes&quot;:[]},&quot;image_spacing_custom_tablet&quot;:{&quot;unit&quot;:&quot;px&quot;,&quot;size&quot;:&quot;&quot;,&quot;sizes&quot;:[]},&quot;image_spacing_custom_mobile&quot;:{&quot;unit&quot;:&quot;px&quot;,&quot;size&quot;:&quot;&quot;,&quot;sizes&quot;:[]}}\" data-widget_type=\"loop-carousel.post\">\n\t\t\t\t\t\t\t<div class=\"swiper elementor-loop-container elementor-grid\" role=\"list\" dir=\"ltr\">\n\t\t\t\t<div class=\"swiper-wrapper\" aria-live=\"off\">\n\t\t<style id=\"loop-588\">.elementor-588 .elementor-element.elementor-element-7e3fa90{--display:flex;}.elementor-widget-theme-post-title .elementor-heading-title{font-family:var( --e-global-typography-primary-font-family ), Sans-serif;font-weight:var( --e-global-typography-primary-font-weight );color:var( --e-global-color-primary );}.elementor-588 .elementor-element.elementor-element-5fb38ce .elementor-heading-title{font-family:\"Roboto\", Sans-serif;font-size:12px;font-weight:600;color:var( --e-global-color-astglobalcolor4 );}<\/style>\t\t<div data-elementor-type=\"loop-item\" data-elementor-id=\"588\" class=\"elementor elementor-588 swiper-slide e-loop-item e-loop-item-907 post-907 post type-post status-publish format-standard has-post-thumbnail hentry category-uncategorized\" data-elementor-post-type=\"elementor_library\" role=\"group\" aria-roledescription=\"slide\" data-custom-edit-handle=\"1\">\n\t\t\t<div class=\"elementor-element elementor-element-7e3fa90 e-flex e-con-boxed e-con e-parent\" data-id=\"7e3fa90\" data-element_type=\"container\" data-e-type=\"container\">\n\t\t\t\t\t<div class=\"e-con-inner\">\n\t\t\t\t<div class=\"elementor-element elementor-element-5fb38ce elementor-widget elementor-widget-theme-post-title elementor-page-title elementor-widget-heading\" data-id=\"5fb38ce\" data-element_type=\"widget\" data-e-type=\"widget\" data-widget_type=\"theme-post-title.default\">\n\t\t\t\t\t<h6 class=\"elementor-heading-title elementor-size-default\">Catharsis lance son programme \u00ab Villes vivables \u00bb en relation avec les Prix LivCom<\/h6>\t\t\t\t<\/div>\n\t\t\t\t\t<\/div>\n\t\t\t\t<\/div>\n\t\t\t\t<\/div>\n\t\t\t\t<div data-elementor-type=\"loop-item\" data-elementor-id=\"588\" class=\"elementor elementor-588 swiper-slide e-loop-item e-loop-item-904 post-904 post type-post status-publish format-standard hentry category-uncategorized\" data-elementor-post-type=\"elementor_library\" role=\"group\" aria-roledescription=\"slide\" data-custom-edit-handle=\"1\">\n\t\t\t<div class=\"elementor-element elementor-element-7e3fa90 e-flex e-con-boxed e-con e-parent\" data-id=\"7e3fa90\" data-element_type=\"container\" data-e-type=\"container\">\n\t\t\t\t\t<div class=\"e-con-inner\">\n\t\t\t\t<div class=\"elementor-element elementor-element-5fb38ce elementor-widget elementor-widget-theme-post-title elementor-page-title elementor-widget-heading\" data-id=\"5fb38ce\" data-element_type=\"widget\" data-e-type=\"widget\" data-widget_type=\"theme-post-title.default\">\n\t\t\t\t\t<h6 class=\"elementor-heading-title elementor-size-default\">Appel aux dons pour soutenir le programme \u00ab Confiance, Paix &amp; Prosp\u00e9rit\u00e9 \u00bb<\/h6>\t\t\t\t<\/div>\n\t\t\t\t\t<\/div>\n\t\t\t\t<\/div>\n\t\t\t\t<\/div>\n\t\t\t\t<div data-elementor-type=\"loop-item\" data-elementor-id=\"588\" class=\"elementor elementor-588 swiper-slide e-loop-item e-loop-item-581 post-581 post type-post status-publish format-standard has-post-thumbnail hentry category-confiance-paix-et-prosperite tag-confiance tag-paix\" data-elementor-post-type=\"elementor_library\" role=\"group\" aria-roledescription=\"slide\" data-custom-edit-handle=\"1\">\n\t\t\t<div class=\"elementor-element elementor-element-7e3fa90 e-flex e-con-boxed e-con e-parent\" data-id=\"7e3fa90\" data-element_type=\"container\" data-e-type=\"container\">\n\t\t\t\t\t<div class=\"e-con-inner\">\n\t\t\t\t<div class=\"elementor-element elementor-element-5fb38ce elementor-widget elementor-widget-theme-post-title elementor-page-title elementor-widget-heading\" data-id=\"5fb38ce\" data-element_type=\"widget\" data-e-type=\"widget\" data-widget_type=\"theme-post-title.default\">\n\t\t\t\t\t<h6 class=\"elementor-heading-title elementor-size-default\">Lancement du programme \u00ab\u00a0Confiance, Paix &#038; Prosp\u00e9rit\u00e9\u00a0\u00bb<\/h6>\t\t\t\t<\/div>\n\t\t\t\t\t<\/div>\n\t\t\t\t<\/div>\n\t\t\t\t<\/div>\n\t\t\t\t<div data-elementor-type=\"loop-item\" data-elementor-id=\"588\" class=\"elementor elementor-588 swiper-slide e-loop-item e-loop-item-573 post-573 post type-post status-publish format-standard has-post-thumbnail hentry category-confiance-paix-et-prosperite tag-confiance tag-paix tag-trustinside\" data-elementor-post-type=\"elementor_library\" role=\"group\" aria-roledescription=\"slide\" data-custom-edit-handle=\"1\">\n\t\t\t<div class=\"elementor-element elementor-element-7e3fa90 e-flex e-con-boxed e-con e-parent\" data-id=\"7e3fa90\" data-element_type=\"container\" data-e-type=\"container\">\n\t\t\t\t\t<div class=\"e-con-inner\">\n\t\t\t\t<div class=\"elementor-element elementor-element-5fb38ce elementor-widget elementor-widget-theme-post-title elementor-page-title elementor-widget-heading\" data-id=\"5fb38ce\" data-element_type=\"widget\" data-e-type=\"widget\" data-widget_type=\"theme-post-title.default\">\n\t\t\t\t\t<h6 class=\"elementor-heading-title elementor-size-default\">Signature d&rsquo;un protocole d&rsquo;accord entre TrustInside et Catharsis pour la cr\u00e9ation du programme \u00ab\u00a0Confiance, Paix &#038; Prosp\u00e9rit\u00e9\u00a0\u00bb<\/h6>\t\t\t\t<\/div>\n\t\t\t\t\t<\/div>\n\t\t\t\t<\/div>\n\t\t\t\t<\/div>\n\t\t\t\t<div data-elementor-type=\"loop-item\" data-elementor-id=\"588\" class=\"elementor elementor-588 swiper-slide e-loop-item e-loop-item-311 post-311 post type-post status-publish format-standard has-post-thumbnail hentry category-dialogue-territorial category-sante-commune tag-biovallee tag-drome\" data-elementor-post-type=\"elementor_library\" role=\"group\" aria-roledescription=\"slide\" data-custom-edit-handle=\"1\">\n\t\t\t<div class=\"elementor-element elementor-element-7e3fa90 e-flex e-con-boxed e-con e-parent\" data-id=\"7e3fa90\" data-element_type=\"container\" data-e-type=\"container\">\n\t\t\t\t\t<div class=\"e-con-inner\">\n\t\t\t\t<div class=\"elementor-element elementor-element-5fb38ce elementor-widget elementor-widget-theme-post-title elementor-page-title elementor-widget-heading\" data-id=\"5fb38ce\" data-element_type=\"widget\" data-e-type=\"widget\" data-widget_type=\"theme-post-title.default\">\n\t\t\t\t\t<h6 class=\"elementor-heading-title elementor-size-default\">Sant\u00e9 commune, dialogue territorial, territoire-\u00e9cole\u00a0: Catharsis propose \u00e0 l&rsquo;Association Biovall\u00e9e des \u00e9l\u00e9ments d\u2019\u00e9laboration th\u00e9orique<\/h6>\t\t\t\t<\/div>\n\t\t\t\t\t<\/div>\n\t\t\t\t<\/div>\n\t\t\t\t<\/div>\n\t\t\t\t<\/div>\n\t\t<\/div>\n\t\t\t\t\t\t<\/div>\n\t\t\t\t<\/div>\n\t\t<div class=\"elementor-element elementor-element-66a34e0 e-con-full e-flex e-con e-child\" data-id=\"66a34e0\" data-element_type=\"container\" data-e-type=\"container\" data-settings=\"{&quot;background_background&quot;:&quot;classic&quot;}\">\n\t\t\t\t<div class=\"elementor-element elementor-element-732a2cf elementor-widget elementor-widget-text-editor\" data-id=\"732a2cf\" data-element_type=\"widget\" data-e-type=\"widget\" data-widget_type=\"text-editor.default\">\n\t\t\t\t\t\t\t\t\t<p>Derni\u00e8res actualit\u00e9s<\/p>\t\t\t\t\t\t\t\t<\/div>\n\t\t\t\t<\/div>\n\t\t\t\t<\/div>\n\t\t<div class=\"elementor-element elementor-element-cee1060 e-flex e-con-boxed e-con e-parent\" data-id=\"cee1060\" data-element_type=\"container\" data-e-type=\"container\">\n\t\t\t\t\t<div class=\"e-con-inner\">\n\t\t\t\t<div class=\"elementor-element elementor-element-1f32f13 elementor-widget elementor-widget-text-editor\" data-id=\"1f32f13\" data-element_type=\"widget\" data-e-type=\"widget\" data-widget_type=\"text-editor.default\">\n\t\t\t\t\t\t\t\t\t<p>Par ses programmes innovants, ses projets exp\u00e9rimentaux et sa production conceptuelle et m\u00e9thodologique, Catharsis favorise l&rsquo;\u00e9mergence de communaut\u00e9s de pratiques transformatrices qui explorent des chemins de paix vers des \u00e9conomies et des soci\u00e9t\u00e9s de la r\u00e9g\u00e9n\u00e9ration. Ancr\u00e9e fortement dans les sciences humaines, en pleine coh\u00e9rence avec le programme <a href=\"https:\/\/bridges.earth\">BRIDGES<\/a> qu&rsquo;elle a contribu\u00e9 \u00e0 impulser, Catharsis met en relation acteurs locaux, savoirs intellectuels, philanthropie et dynamiques d&rsquo;action publique. Catharsis valorise les savoirs traditionnels et autochtones tout en renfor\u00e7ant les capacit\u00e9s et la cr\u00e9ativit\u00e9 des communaut\u00e9s confront\u00e9es au conflit ou \u00e0 la d\u00e9gradation environnementale. Catharsis collabore avec tous les acteurs qui partagent se vision afin de donner corps \u00e0 des pratiques v\u00e9ritablement transformatrices \u00e0 long terme.<\/p>\t\t\t\t\t\t\t\t<\/div>\n\t\t\t\t\t<\/div>\n\t\t\t\t<\/div>\n\t\t<div class=\"elementor-element elementor-element-a0df0cd e-flex e-con-boxed e-con e-parent\" data-id=\"a0df0cd\" data-element_type=\"container\" data-e-type=\"container\">\n\t\t\t\t\t<div class=\"e-con-inner\">\n\t\t\t\t<div class=\"elementor-element elementor-element-2eaffc2 elementor-widget elementor-widget-spacer\" data-id=\"2eaffc2\" data-element_type=\"widget\" data-e-type=\"widget\" data-widget_type=\"spacer.default\">\n\t\t\t\t\t\t\t<div class=\"elementor-spacer\">\n\t\t\t<div class=\"elementor-spacer-inner\"><\/div>\n\t\t<\/div>\n\t\t\t\t\t\t<\/div>\n\t\t\t\t\t<\/div>\n\t\t\t\t<\/div>\n\t\t<div class=\"elementor-element elementor-element-53490c2 e-flex e-con-boxed e-con e-parent\" data-id=\"53490c2\" data-element_type=\"container\" data-e-type=\"container\" data-settings=\"{&quot;background_background&quot;:&quot;classic&quot;}\">\n\t\t\t\t\t<div class=\"e-con-inner\">\n\t\t\t\t<div class=\"elementor-element elementor-element-b0d1cba elementor-widget elementor-widget-text-editor\" data-id=\"b0d1cba\" data-element_type=\"widget\" data-e-type=\"widget\" data-widget_type=\"text-editor.default\">\n\t\t\t\t\t\t\t\t\t<h1>Our programmes<\/h1>\t\t\t\t\t\t\t\t<\/div>\n\t\t\t\t\t<\/div>\n\t\t\t\t<\/div>\n\t\t<div class=\"elementor-element elementor-element-6b1cf41 e-flex e-con-boxed e-con e-parent\" data-id=\"6b1cf41\" data-element_type=\"container\" data-e-type=\"container\">\n\t\t\t\t\t<div class=\"e-con-inner\">\n\t\t<div class=\"elementor-element elementor-element-e681920 e-con-full e-flex e-con e-child\" data-id=\"e681920\" data-element_type=\"container\" data-e-type=\"container\">\n\t\t\t\t<div class=\"elementor-element elementor-element-b165679 elementor-widget elementor-widget-text-editor\" data-id=\"b165679\" data-element_type=\"widget\" data-e-type=\"widget\" data-widget_type=\"text-editor.default\">\n\t\t\t\t\t\t\t\t\t<p><strong>The <a href=\"https:\/\/associationcatharsis.org\/en\/programmes\/dialogues-territoriaux-et-sante-commune\/\">Territorial dialogue and common health<\/a>\u00a0programme is anchored in strategic cooperation with the Institut Michel Serres.<\/strong><\/p><p><img decoding=\"async\" class=\"wp-image-83 aligncenter\" src=\"https:\/\/associationcatharsis.org\/wp-content\/uploads\/2025\/12\/IMS-detoure-300x193.png\" alt=\"\" width=\"140\" height=\"90\" srcset=\"https:\/\/associationcatharsis.org\/wp-content\/uploads\/2025\/12\/IMS-detoure-300x193.png 300w, https:\/\/associationcatharsis.org\/wp-content\/uploads\/2025\/12\/IMS-detoure.png 623w\" sizes=\"(max-width: 140px) 100vw, 140px\" \/><\/p><p>Cr\u00e9\u00e9 pour diffuser et valoriser la pens\u00e9e de Michel Serres, notamment sur les notions de \u00ab\u00a0contrat naturel\u00a0\u00bb et de \u00ab\u00a0sant\u00e9 commune\u00a0\u00bb, l&rsquo;Institut Michel Serres collabore avec Catharsis sur des projets visant \u00e0 l&rsquo;op\u00e9rationnalisation du r\u00e9f\u00e9rentiel de la sant\u00e9 commune.<\/p><p>C&rsquo;est \u00e0 ce titre, notamment, que Catharsis a port\u00e9 le projet de conception d&rsquo;un territoire-\u00e9cole de la sant\u00e9 commune pour la Biovall\u00e9e de la Dr\u00f4me et \u0153uvre avec les concepteurs des <a href=\"https:\/\/erasme.notion.site\/Potager-vertical-Povers-un-peu-de-mati-re-et-beaucoup-de-m-diation-2d144e49a3ad80bdabdffd7ea49efc4d\">potagers verticaux<\/a> \u00e0 des exp\u00e9rimentations locales les positionnant comme des d\u00e9monstrateurs de sant\u00e9 commune.\u00a0<\/p>\t\t\t\t\t\t\t\t<\/div>\n\t\t\t\t<div class=\"elementor-element elementor-element-6fe29c7 elementor-widget-divider--view-line elementor-widget elementor-widget-divider\" data-id=\"6fe29c7\" data-element_type=\"widget\" data-e-type=\"widget\" data-widget_type=\"divider.default\">\n\t\t\t\t\t\t\t<div class=\"elementor-divider\">\n\t\t\t<span class=\"elementor-divider-separator\">\n\t\t\t\t\t\t<\/span>\n\t\t<\/div>\n\t\t\t\t\t\t<\/div>\n\t\t\t\t<\/div>\n\t\t<div class=\"elementor-element elementor-element-ef6cf4c e-con-full e-flex e-con e-child\" data-id=\"ef6cf4c\" data-element_type=\"container\" data-e-type=\"container\">\n\t\t\t\t<div class=\"elementor-element elementor-element-ce51ca3 elementor-widget elementor-widget-text-editor\" data-id=\"ce51ca3\" data-element_type=\"widget\" data-e-type=\"widget\" data-widget_type=\"text-editor.default\">\n\t\t\t\t\t\t\t\t\t<p>The<a href=\"https:\/\/trust4peace.org\"><strong> Trust, Peace &amp; Prosperity<\/strong><\/a>Programme, created in partnership with TrustInside, helps communities to stay united, to avoid violence, and to offer a future to youth and women.<\/p><p><img decoding=\"async\" class=\"size-full wp-image-88 aligncenter\" src=\"https:\/\/associationcatharsis.org\/wp-content\/uploads\/2025\/12\/TrustInside.png\" alt=\"\" width=\"201\" height=\"60\" \/><\/p><p>Dans de nombreux territoires de France, d\u2019Europe, d\u2019Afrique et du monde, la d\u00e9fiance fragilise la coh\u00e9sion sociale, la paix et une prosp\u00e9rit\u00e9 durable : fragilit\u00e9s scolaires et familiales, anxi\u00e9t\u00e9 de la jeunesse, in\u00e9galit\u00e9s de genre, tensions communautaires, violences, discours de haine, conflits autour des projets \u00e9cologiques ou \u00e9conomiques.<\/p><p>Le programme Confiance, Paix &amp; Prosp\u00e9rit\u00e9 apporte une r\u00e9ponse op\u00e9rationnelle pour mesurer la confiance, renforcer les liens, pr\u00e9venir les crises et redonner du pouvoir d\u2019agir aux communaut\u00e9s locales.<\/p>\t\t\t\t\t\t\t\t<\/div>\n\t\t\t\t<div class=\"elementor-element elementor-element-49dcce6 elementor-widget-divider--view-line elementor-widget elementor-widget-divider\" data-id=\"49dcce6\" data-element_type=\"widget\" data-e-type=\"widget\" data-widget_type=\"divider.default\">\n\t\t\t\t\t\t\t<div class=\"elementor-divider\">\n\t\t\t<span class=\"elementor-divider-separator\">\n\t\t\t\t\t\t<\/span>\n\t\t<\/div>\n\t\t\t\t\t\t<\/div>\n\t\t\t\t<\/div>\n\t\t<div class=\"elementor-element elementor-element-6cde5ac e-con-full e-flex e-con e-child\" data-id=\"6cde5ac\" data-element_type=\"container\" data-e-type=\"container\">\n\t\t\t\t<div class=\"elementor-element elementor-element-d0e8612 elementor-widget elementor-widget-text-editor\" data-id=\"d0e8612\" data-element_type=\"widget\" data-e-type=\"widget\" data-widget_type=\"text-editor.default\">\n\t\t\t\t\t\t\t\t\t<p>En 2026, Catharsis cr\u00e9e le programme <strong><a href=\"https:\/\/associationcatharsis.org\/en\/programmes\/livcom\/\">Villes vivables<\/a><\/strong> et devient partenaire strat\u00e9gique des prix internationaux LivCom r\u00e9compensant les \u00ab communaut\u00e9s vivables \u00bb de leurs efforts pour le bien-\u00eatre de leurs habitants et de leurs \u00e9cosyst\u00e8mes.<\/p><p><img decoding=\"async\" class=\"size-full wp-image-84 aligncenter\" src=\"https:\/\/associationcatharsis.org\/wp-content\/uploads\/2025\/12\/LivCom-logo.png\" alt=\"\" width=\"257\" height=\"52\" \/><\/p><p>Les candidatures r\u00e9sultent d\u2019un appel ouvert, et les prix sont attribu\u00e9s sur la base d\u2019une grille d\u2019\u00e9valuation cal\u00e9e sur les Objectifs de d\u00e9veloppement durable des Nations-Unies.<\/p><p>Catharsis souhaite encourager la participation fran\u00e7aise aux prix. Donc n\u2019h\u00e9sitez pas \u00e0 nous contacter !<\/p>\t\t\t\t\t\t\t\t<\/div>\n\t\t\t\t<div class=\"elementor-element elementor-element-7599947 elementor-widget-divider--view-line elementor-widget elementor-widget-divider\" data-id=\"7599947\" data-element_type=\"widget\" data-e-type=\"widget\" data-widget_type=\"divider.default\">\n\t\t\t\t\t\t\t<div class=\"elementor-divider\">\n\t\t\t<span class=\"elementor-divider-separator\">\n\t\t\t\t\t\t<\/span>\n\t\t<\/div>\n\t\t\t\t\t\t<\/div>\n\t\t\t\t<\/div>\n\t\t<div class=\"elementor-element elementor-element-039bfb0 e-con-full e-flex e-con e-child\" data-id=\"039bfb0\" data-element_type=\"container\" data-e-type=\"container\">\n\t\t\t\t<\/div>\n\t\t<div class=\"elementor-element elementor-element-e9b55f0 e-con-full e-flex e-con e-child\" data-id=\"e9b55f0\" data-element_type=\"container\" data-e-type=\"container\">\n\t\t\t\t<\/div>\n\t\t<div class=\"elementor-element elementor-element-4853af4 e-con-full e-flex e-con e-child\" data-id=\"4853af4\" data-element_type=\"container\" data-e-type=\"container\">\n\t\t\t\t<\/div>\n\t\t\t\t\t<\/div>\n\t\t\t\t<\/div>\n\t\t\t\t<\/div>","protected":false},"excerpt":{"rendered":"<p>Des id\u00e9es neuves pour transformer les pratiques Derni\u00e8res actualit\u00e9s Par ses programmes innovants, ses projets exp\u00e9rimentaux et sa production conceptuelle et m\u00e9thodologique, Catharsis favorise l&rsquo;\u00e9mergence de communaut\u00e9s de pratiques transformatrices qui explorent des chemins de paix vers des \u00e9conomies et des soci\u00e9t\u00e9s de la r\u00e9g\u00e9n\u00e9ration. Ancr\u00e9e fortement dans les sciences humaines, en pleine coh\u00e9rence avec [&hellip;]<\/p>","protected":false},"author":1,"featured_media":0,"parent":0,"menu_order":0,"comment_status":"closed","ping_status":"closed","template":"","meta":{"give_campaign_id":0,"om_disable_all_campaigns":false,"_uag_custom_page_level_css":"","_monsterinsights_skip_tracking":false,"_monsterinsights_sitenote_active":false,"_monsterinsights_sitenote_note":"","_monsterinsights_sitenote_category":0,"_uf_show_specific_survey":0,"_uf_disable_surveys":false,"site-sidebar-layout":"no-sidebar","site-content-layout":"plain-container","ast-site-content-layout":"full-width-container","site-content-style":"default","site-sidebar-style":"default","ast-global-header-display":"","ast-banner-title-visibility":"","ast-main-header-display":"","ast-hfb-above-header-display":"","ast-hfb-below-header-display":"","ast-hfb-mobile-header-display":"","site-post-title":"","ast-breadcrumbs-content":"","ast-featured-img":"disabled","footer-sml-layout":"","ast-disable-related-posts":"","theme-transparent-header-meta":"enabled","adv-header-id-meta":"","stick-header-meta":"","header-above-stick-meta":"","header-main-stick-meta":"","header-below-stick-meta":"","astra-migrate-meta-layouts":"default","ast-page-background-enabled":"default","ast-page-background-meta":{"desktop":{"background-color":"var(--ast-global-color-5)","background-image":"","background-repeat":"repeat","background-position":"center center","background-size":"auto","background-attachment":"scroll","background-type":"","background-media":"","overlay-type":"","overlay-color":"","overlay-opacity":"","overlay-gradient":""},"tablet":{"background-color":"","background-image":"","background-repeat":"repeat","background-position":"center center","background-size":"auto","background-attachment":"scroll","background-type":"","background-media":"","overlay-type":"","overlay-color":"","overlay-opacity":"","overlay-gradient":""},"mobile":{"background-color":"","background-image":"","background-repeat":"repeat","background-position":"center center","background-size":"auto","background-attachment":"scroll","background-type":"","background-media":"","overlay-type":"","overlay-color":"","overlay-opacity":"","overlay-gradient":""}},"ast-content-background-meta":{"desktop":{"background-color":"var(--ast-global-color-4)","background-image":"","background-repeat":"repeat","background-position":"center center","background-size":"auto","background-attachment":"scroll","background-type":"","background-media":"","overlay-type":"","overlay-color":"","overlay-opacity":"","overlay-gradient":""},"tablet":{"background-color":"var(--ast-global-color-4)","background-image":"","background-repeat":"repeat","background-position":"center center","background-size":"auto","background-attachment":"scroll","background-type":"","background-media":"","overlay-type":"","overlay-color":"","overlay-opacity":"","overlay-gradient":""},"mobile":{"background-color":"var(--ast-global-color-4)","background-image":"","background-repeat":"repeat","background-position":"center center","background-size":"auto","background-attachment":"scroll","background-type":"","background-media":"","overlay-type":"","overlay-color":"","overlay-opacity":"","overlay-gradient":""}},"footnotes":""},"class_list":["post-6","page","type-page","status-publish","hentry"],"aioseo_notices":[],"campaignId":"","_hostinger_reach_plugin_has_subscription_block":false,"_hostinger_reach_plugin_is_elementor":false,"uagb_featured_image_src":{"full":false,"thumbnail":false,"medium":false,"medium_large":false,"large":false,"1536x1536":false,"2048x2048":false,"trp-custom-language-flag":false},"uagb_author_info":{"display_name":"jcphgd@gmail.com","author_link":"https:\/\/associationcatharsis.org\/en\/author\/jcphgdgmail-com\/"},"uagb_comment_info":0,"uagb_excerpt":"Des id\u00e9es neuves pour transformer les pratiques Derni\u00e8res actualit\u00e9s Par ses programmes innovants, ses projets exp\u00e9rimentaux et sa production conceptuelle et m\u00e9thodologique, Catharsis favorise l&rsquo;\u00e9mergence de communaut\u00e9s de pratiques transformatrices qui explorent des chemins de paix vers des \u00e9conomies et des soci\u00e9t\u00e9s de la r\u00e9g\u00e9n\u00e9ration. Ancr\u00e9e fortement dans les sciences humaines, en pleine coh\u00e9rence avec&hellip;","_links":{"self":[{"href":"https:\/\/associationcatharsis.org\/en\/wp-json\/wp\/v2\/pages\/6","targetHints":{"allow":["GET"]}}],"collection":[{"href":"https:\/\/associationcatharsis.org\/en\/wp-json\/wp\/v2\/pages"}],"about":[{"href":"https:\/\/associationcatharsis.org\/en\/wp-json\/wp\/v2\/types\/page"}],"author":[{"embeddable":true,"href":"https:\/\/associationcatharsis.org\/en\/wp-json\/wp\/v2\/users\/1"}],"replies":[{"embeddable":true,"href":"https:\/\/associationcatharsis.org\/en\/wp-json\/wp\/v2\/comments?post=6"}],"version-history":[{"count":109,"href":"https:\/\/associationcatharsis.org\/en\/wp-json\/wp\/v2\/pages\/6\/revisions"}],"predecessor-version":[{"id":902,"href":"https:\/\/associationcatharsis.org\/en\/wp-json\/wp\/v2\/pages\/6\/revisions\/902"}],"wp:attachment":[{"href":"https:\/\/associationcatharsis.org\/en\/wp-json\/wp\/v2\/media?parent=6"}],"curies":[{"name":"wp","href":"https:\/\/api.w.org\/{rel}","templated":true}]}}